{"id":2683,"date":"2023-09-19T06:13:16","date_gmt":"2023-09-19T04:13:16","guid":{"rendered":"https:\/\/dpms-media.fr\/clos-du-gue\/contact\/"},"modified":"2023-09-25T08:31:18","modified_gmt":"2023-09-25T06:31:18","slug":"contact","status":"publish","type":"page","link":"https:\/\/www.closdugue.com\/en\/contact\/","title":{"rendered":"Contact"},"content":{"rendered":"<div id='av_section_1'  class='avia-section av-u8vi3w-9e35c9ed18ae2bf28c9ce80c4b354fbf main_color avia-section-no-padding avia-no-border-styling  avia-builder-el-0  el_before_av_section  avia-builder-el-first  avia-bg-style-scroll container_wrap sidebar_right'  ><div class='container av-section-cont-open' ><main  role=\"main\" itemprop=\"mainContentOfPage\"  class='template-page content  av-content-small alpha units'><div class='post-entry post-entry-type-page post-entry-2683'><div class='entry-content-wrapper clearfix'>\n\n<style type=\"text\/css\" data-created_by=\"avia_inline_auto\" id=\"style-css-av-ktwnj2eb-091b6a35ba7b8a320d81bf51d5d749ff\">\n#top .hr.hr-invisible.av-ktwnj2eb-091b6a35ba7b8a320d81bf51d5d749ff{\nheight:50px;\n}\n<\/style>\n<div  class='hr av-ktwnj2eb-091b6a35ba7b8a320d81bf51d5d749ff hr-invisible  avia-builder-el-1  el_before_av_heading  avia-builder-el-first '><span class='hr-inner '><span class=\"hr-inner-style\"><\/span><\/span><\/div>\n\n<style type=\"text\/css\" data-created_by=\"avia_inline_auto\" id=\"style-css-av-ktwmv5ms-ca9d25cdcdde46048f81d39b2ebdff95\">\n#top .av-special-heading.av-ktwmv5ms-ca9d25cdcdde46048f81d39b2ebdff95{\npadding-bottom:10px;\n}\nbody .av-special-heading.av-ktwmv5ms-ca9d25cdcdde46048f81d39b2ebdff95 .av-special-heading-tag .heading-char{\nfont-size:25px;\n}\n.av-special-heading.av-ktwmv5ms-ca9d25cdcdde46048f81d39b2ebdff95 .av-subheading{\nfont-size:15px;\n}\n<\/style>\n<div  class='av-special-heading av-ktwmv5ms-ca9d25cdcdde46048f81d39b2ebdff95 av-special-heading-h1 blockquote modern-quote modern-centered  avia-builder-el-2  el_after_av_hr  el_before_av_hr  av-thin-font'><h1 class='av-special-heading-tag '  itemprop=\"headline\"  ><strong>Contact<\/strong><\/h1><div class=\"special-heading-border\"><div class=\"special-heading-inner-border\"><\/div><\/div><\/div>\n\n<style type=\"text\/css\" data-created_by=\"avia_inline_auto\" id=\"style-css-av-ktwmvqc7-b36231c4a96f6b2fdd81c7a9c004a040\">\n#top .hr.av-ktwmvqc7-b36231c4a96f6b2fdd81c7a9c004a040{\nmargin-top:15px;\nmargin-bottom:30px;\n}\n.hr.av-ktwmvqc7-b36231c4a96f6b2fdd81c7a9c004a040 .hr-inner{\nwidth:50px;\nborder-color:#383838;\nmax-width:45%;\n}\n<\/style>\n<div  class='hr av-ktwmvqc7-b36231c4a96f6b2fdd81c7a9c004a040 hr-custom  avia-builder-el-3  el_after_av_heading  el_before_av_one_full  hr-center hr-icon-yes'><span class='hr-inner inner-border-av-border-thin'><span class=\"hr-inner-style\"><\/span><\/span><span class='av-seperator-icon avia-iconfont avia-font-entypo-fontello' data-av_icon='\ue808' data-av_iconfont='entypo-fontello' ><\/span><span class='hr-inner inner-border-av-border-thin'><span class=\"hr-inner-style\"><\/span><\/span><\/div>\n<div  class='flex_column av-2wpz58-fa737717bb3c0a8d73cc937f2d6010a5 av_one_full  avia-builder-el-4  el_after_av_hr  avia-builder-el-last  first flex_column_div  '     ><section  class='av_textblock_section av-ktwmubew-cf16f27c9cbd105ac68c8c0d8084eae0 '   itemscope=\"itemscope\" itemtype=\"https:\/\/schema.org\/CreativeWork\" ><div class='avia_textblock'  itemprop=\"text\" ><h3 style=\"text-align: center\">Le Clos du Gu\u00e9<\/h3>\n<p style=\"text-align: center\">Prestigious residence located in the heart of a magnificent flowered garden will offer you a relaxing break.<\/p>\n<\/div><\/section><\/div>\n\n<\/div><\/div><\/main><!-- close content main element --><\/div><\/div><div id='av_section_2'  class='avia-section av-2o3el8-c32a8e6c52e42729ab32d2f3ddcc77c5 main_color avia-section-large avia-no-border-styling  avia-builder-el-6  el_after_av_section  avia-builder-el-last  avia-bg-style-scroll container_wrap sidebar_right'  ><div class='container av-section-cont-open' ><div class='template-page content  av-content-small alpha units'><div class='post-entry post-entry-type-page post-entry-2683'><div class='entry-content-wrapper clearfix'>\n\n<style type=\"text\/css\" data-created_by=\"avia_inline_auto\" id=\"style-css-av-l9qwyk-7f9a01b9bebc40140397a33461d8a280\">\n.flex_column.av-l9qwyk-7f9a01b9bebc40140397a33461d8a280{\nborder-radius:0px 0px 0px 0px;\npadding:0px 0px 0px 0px;\n}\n<\/style>\n<div  class='flex_column av-l9qwyk-7f9a01b9bebc40140397a33461d8a280 av_one_half  avia-builder-el-7  el_before_av_one_half  avia-builder-el-first  first flex_column_div av-zero-column-padding  '     ><style type=\"text\/css\" data-created_by=\"avia_inline_auto\" id=\"style-css-av-ktwmx0u4-e9483dee54c7d950cbc95adb97c85e92\">\n.avia-image-container.av-ktwmx0u4-e9483dee54c7d950cbc95adb97c85e92 img.avia_image{\nbox-shadow:none;\n}\n.avia-image-container.av-ktwmx0u4-e9483dee54c7d950cbc95adb97c85e92 .av-image-caption-overlay-center{\ncolor:#ffffff;\n}\n<\/style>\n<div  class='avia-image-container av-ktwmx0u4-e9483dee54c7d950cbc95adb97c85e92 av-styling- av-img-linked avia-align-center  avia-builder-el-8  avia-builder-el-no-sibling '   itemprop=\"image\" itemscope=\"itemscope\" itemtype=\"https:\/\/schema.org\/ImageObject\" ><div class=\"avia-image-container-inner\"><div class=\"avia-image-overlay-wrap\"><a href=\"https:\/\/www.google.com\/maps\/place\/1+Imp.+du+Priv\u00e9,+86460+Pressac\/@46.116399,0.009916,9z\/data=!4m5!3m4!1s0x47fe7c3ea46cc53d:0xece9a28d3cf3af86!8m2!3d46.116399!4d0.5702187\" class='avia_image '  aria-label='Carte-3-600x470'><img decoding=\"async\" fetchpriority=\"high\" class='wp-image-2583 avia-img-lazy-loading-not-2583 avia_image ' src=\"https:\/\/dpms-media.fr\/clos-du-gue\/wp-content\/uploads\/sites\/40\/2017\/03\/Carte-3-600x470-1.jpg\" alt='' title='Carte-3-600x470'  height=\"470\" width=\"600\"  itemprop=\"thumbnailUrl\" srcset=\"https:\/\/dpms-media.fr\/clos-du-gue\/wp-content\/uploads\/sites\/40\/2017\/03\/Carte-3-600x470-1.jpg 600w, https:\/\/dpms-media.fr\/clos-du-gue\/wp-content\/uploads\/sites\/40\/2017\/03\/Carte-3-600x470-1-300x235.jpg 300w\" sizes=\"(max-width: 600px) 100vw, 600px\" \/><\/a><\/div><\/div><\/div><\/div>\n<style type=\"text\/css\" data-created_by=\"avia_inline_auto\" id=\"style-css-av-8ujt24-a7a09225e8d8db9caf2ce600ad668f07\">\n.flex_column.av-8ujt24-a7a09225e8d8db9caf2ce600ad668f07{\nborder-radius:0px 0px 0px 0px;\npadding:0px 0px 0px 0px;\n}\n<\/style>\n<div  class='flex_column av-8ujt24-a7a09225e8d8db9caf2ce600ad668f07 av_one_half  avia-builder-el-9  el_after_av_one_half  avia-builder-el-last  flex_column_div av-zero-column-padding  '     ><p>\n<style type=\"text\/css\" data-created_by=\"avia_inline_auto\" id=\"style-css-av-29dcss-de1603fcd0058ce7f3abbf4de4eee86e\">\n#top .av_textblock_section.av-29dcss-de1603fcd0058ce7f3abbf4de4eee86e .avia_textblock{\nfont-size:18px;\ncolor:#3f3f3f;\n}\n<\/style>\n<section  class='av_textblock_section av-29dcss-de1603fcd0058ce7f3abbf4de4eee86e '   itemscope=\"itemscope\" itemtype=\"https:\/\/schema.org\/CreativeWork\" ><div class='avia_textblock av_inherit_color'  itemprop=\"text\" ><p>1 Imp. du Priv\u00e9, 86460 Pressac<br \/>\nT\u00e9l. : +33 (0)7 45 89 94 81<br \/>\n<a href=\"mailto:reservations@beynacrentals.com\">reservations@beynacrentals.com<\/a><\/p>\n<p>Available on WhatsApp :<br \/>\n<a href=\"https:\/\/wa.me\/message\/MIQKEZKNBTQ3F1\"><img loading=\"lazy\" decoding=\"async\" class=\"alignnone wp-image-3010\" src=\"https:\/\/dpms-media.fr\/beynac-rentals\/wp-content\/uploads\/sites\/49\/2022\/12\/Screen-Shot-2022-12-01-at-2.52.58-PM.png\" alt=\"\" width=\"164\" height=\"163\" \/><\/a><\/p>\n<\/div><\/section><br \/>\n\n<style type=\"text\/css\" data-created_by=\"avia_inline_auto\" id=\"style-css-av-ktwnfio8-c48769f072c5e147a6a73aecb0b6d380\">\n#top .hr.hr-invisible.av-ktwnfio8-c48769f072c5e147a6a73aecb0b6d380{\nheight:20px;\n}\n<\/style>\n<div  class='hr av-ktwnfio8-c48769f072c5e147a6a73aecb0b6d380 hr-invisible  avia-builder-el-11  el_after_av_textblock  avia-builder-el-last '><span class='hr-inner '><span class=\"hr-inner-style\"><\/span><\/span><\/div><\/p><\/div><\/div><\/div><\/div><!-- close content main div --><\/div><\/div><div id='after_section_2'  class='main_color av_default_container_wrap container_wrap sidebar_right'  ><div class='container av-section-cont-open' ><div class='template-page content  av-content-small alpha units'><div class='post-entry post-entry-type-page post-entry-2683'><div class='entry-content-wrapper clearfix'>\n","protected":false},"excerpt":{"rendered":"","protected":false},"author":2,"featured_media":0,"parent":0,"menu_order":0,"comment_status":"closed","ping_status":"closed","template":"","meta":{"footnotes":""},"class_list":["post-2683","page","type-page","status-publish","hentry"],"yoast_head":"<!-- This site is optimized with the Yoast SEO plugin v27.5 - https:\/\/yoast.com\/product\/yoast-seo-wordpress\/ -->\n<title>Contact - Le clos du gu\u00e9 - Maison d&#039;h\u00f4tes dans la Vienne<\/title>\n<meta name=\"robots\" content=\"index, follow, max-snippet:-1, max-image-preview:large, max-video-preview:-1\" \/>\n<link rel=\"canonical\" href=\"https:\/\/www.closdugue.com\/en\/contact\/\" \/>\n<meta property=\"og:locale\" content=\"en_US\" \/>\n<meta property=\"og:type\" content=\"article\" \/>\n<meta property=\"og:title\" content=\"Contact - Le clos du gu\u00e9 - Maison d&#039;h\u00f4tes dans la Vienne\" \/>\n<meta property=\"og:url\" content=\"https:\/\/www.closdugue.com\/en\/contact\/\" \/>\n<meta property=\"og:site_name\" content=\"Le clos du gu\u00e9 - Maison d&#039;h\u00f4tes dans la Vienne\" \/>\n<meta property=\"article:modified_time\" content=\"2023-09-25T06:31:18+00:00\" \/>\n<meta property=\"og:image\" content=\"https:\/\/dpms-media.fr\/beynac-rentals\/wp-content\/uploads\/sites\/49\/2022\/12\/Screen-Shot-2022-12-01-at-2.52.58-PM.png\" \/>\n<meta name=\"twitter:card\" content=\"summary_large_image\" \/>\n<meta name=\"twitter:label1\" content=\"Est. reading time\" \/>\n\t<meta name=\"twitter:data1\" content=\"2 minutes\" \/>\n<script type=\"application\/ld+json\" class=\"yoast-schema-graph\">{\"@context\":\"https:\\\/\\\/schema.org\",\"@graph\":[{\"@type\":\"WebPage\",\"@id\":\"https:\\\/\\\/www.closdugue.com\\\/en\\\/contact\\\/\",\"url\":\"https:\\\/\\\/www.closdugue.com\\\/en\\\/contact\\\/\",\"name\":\"Contact - Le clos du gu\u00e9 - Maison d&#039;h\u00f4tes dans la Vienne\",\"isPartOf\":{\"@id\":\"https:\\\/\\\/www.closdugue.com\\\/#website\"},\"primaryImageOfPage\":{\"@id\":\"https:\\\/\\\/www.closdugue.com\\\/en\\\/contact\\\/#primaryimage\"},\"image\":{\"@id\":\"https:\\\/\\\/www.closdugue.com\\\/en\\\/contact\\\/#primaryimage\"},\"thumbnailUrl\":\"https:\\\/\\\/dpms-media.fr\\\/beynac-rentals\\\/wp-content\\\/uploads\\\/sites\\\/49\\\/2022\\\/12\\\/Screen-Shot-2022-12-01-at-2.52.58-PM.png\",\"datePublished\":\"2023-09-19T04:13:16+00:00\",\"dateModified\":\"2023-09-25T06:31:18+00:00\",\"breadcrumb\":{\"@id\":\"https:\\\/\\\/www.closdugue.com\\\/en\\\/contact\\\/#breadcrumb\"},\"inLanguage\":\"en-US\",\"potentialAction\":[{\"@type\":\"ReadAction\",\"target\":[\"https:\\\/\\\/www.closdugue.com\\\/en\\\/contact\\\/\"]}]},{\"@type\":\"ImageObject\",\"inLanguage\":\"en-US\",\"@id\":\"https:\\\/\\\/www.closdugue.com\\\/en\\\/contact\\\/#primaryimage\",\"url\":\"https:\\\/\\\/dpms-media.fr\\\/beynac-rentals\\\/wp-content\\\/uploads\\\/sites\\\/49\\\/2022\\\/12\\\/Screen-Shot-2022-12-01-at-2.52.58-PM.png\",\"contentUrl\":\"https:\\\/\\\/dpms-media.fr\\\/beynac-rentals\\\/wp-content\\\/uploads\\\/sites\\\/49\\\/2022\\\/12\\\/Screen-Shot-2022-12-01-at-2.52.58-PM.png\"},{\"@type\":\"BreadcrumbList\",\"@id\":\"https:\\\/\\\/www.closdugue.com\\\/en\\\/contact\\\/#breadcrumb\",\"itemListElement\":[{\"@type\":\"ListItem\",\"position\":1,\"name\":\"Accueil\",\"item\":\"https:\\\/\\\/www.closdugue.com\\\/\"},{\"@type\":\"ListItem\",\"position\":2,\"name\":\"Contact\"}]},{\"@type\":\"WebSite\",\"@id\":\"https:\\\/\\\/www.closdugue.com\\\/#website\",\"url\":\"https:\\\/\\\/www.closdugue.com\\\/\",\"name\":\"Le clos du gu\u00e9 - Maison d&#039;h\u00f4tes dans la Vienne\",\"description\":\"Le clos du gu\u00e9 - Maison d&#039;h\u00f4tes Beynac Rentals\",\"potentialAction\":[{\"@type\":\"SearchAction\",\"target\":{\"@type\":\"EntryPoint\",\"urlTemplate\":\"https:\\\/\\\/www.closdugue.com\\\/?s={search_term_string}\"},\"query-input\":{\"@type\":\"PropertyValueSpecification\",\"valueRequired\":true,\"valueName\":\"search_term_string\"}}],\"inLanguage\":\"en-US\"}]}<\/script>\n<!-- \/ Yoast SEO plugin. -->","yoast_head_json":{"title":"Contact - Le clos du gu\u00e9 - Maison d&#039;h\u00f4tes dans la Vienne","robots":{"index":"index","follow":"follow","max-snippet":"max-snippet:-1","max-image-preview":"max-image-preview:large","max-video-preview":"max-video-preview:-1"},"canonical":"https:\/\/www.closdugue.com\/en\/contact\/","og_locale":"en_US","og_type":"article","og_title":"Contact - Le clos du gu\u00e9 - Maison d&#039;h\u00f4tes dans la Vienne","og_url":"https:\/\/www.closdugue.com\/en\/contact\/","og_site_name":"Le clos du gu\u00e9 - Maison d&#039;h\u00f4tes dans la Vienne","article_modified_time":"2023-09-25T06:31:18+00:00","og_image":[{"url":"https:\/\/dpms-media.fr\/beynac-rentals\/wp-content\/uploads\/sites\/49\/2022\/12\/Screen-Shot-2022-12-01-at-2.52.58-PM.png","type":"","width":"","height":""}],"twitter_card":"summary_large_image","twitter_misc":{"Est. reading time":"2 minutes"},"schema":{"@context":"https:\/\/schema.org","@graph":[{"@type":"WebPage","@id":"https:\/\/www.closdugue.com\/en\/contact\/","url":"https:\/\/www.closdugue.com\/en\/contact\/","name":"Contact - Le clos du gu\u00e9 - Maison d&#039;h\u00f4tes dans la Vienne","isPartOf":{"@id":"https:\/\/www.closdugue.com\/#website"},"primaryImageOfPage":{"@id":"https:\/\/www.closdugue.com\/en\/contact\/#primaryimage"},"image":{"@id":"https:\/\/www.closdugue.com\/en\/contact\/#primaryimage"},"thumbnailUrl":"https:\/\/dpms-media.fr\/beynac-rentals\/wp-content\/uploads\/sites\/49\/2022\/12\/Screen-Shot-2022-12-01-at-2.52.58-PM.png","datePublished":"2023-09-19T04:13:16+00:00","dateModified":"2023-09-25T06:31:18+00:00","breadcrumb":{"@id":"https:\/\/www.closdugue.com\/en\/contact\/#breadcrumb"},"inLanguage":"en-US","potentialAction":[{"@type":"ReadAction","target":["https:\/\/www.closdugue.com\/en\/contact\/"]}]},{"@type":"ImageObject","inLanguage":"en-US","@id":"https:\/\/www.closdugue.com\/en\/contact\/#primaryimage","url":"https:\/\/dpms-media.fr\/beynac-rentals\/wp-content\/uploads\/sites\/49\/2022\/12\/Screen-Shot-2022-12-01-at-2.52.58-PM.png","contentUrl":"https:\/\/dpms-media.fr\/beynac-rentals\/wp-content\/uploads\/sites\/49\/2022\/12\/Screen-Shot-2022-12-01-at-2.52.58-PM.png"},{"@type":"BreadcrumbList","@id":"https:\/\/www.closdugue.com\/en\/contact\/#breadcrumb","itemListElement":[{"@type":"ListItem","position":1,"name":"Accueil","item":"https:\/\/www.closdugue.com\/"},{"@type":"ListItem","position":2,"name":"Contact"}]},{"@type":"WebSite","@id":"https:\/\/www.closdugue.com\/#website","url":"https:\/\/www.closdugue.com\/","name":"Le clos du gu\u00e9 - Maison d&#039;h\u00f4tes dans la Vienne","description":"Le clos du gu\u00e9 - Maison d&#039;h\u00f4tes Beynac Rentals","potentialAction":[{"@type":"SearchAction","target":{"@type":"EntryPoint","urlTemplate":"https:\/\/www.closdugue.com\/?s={search_term_string}"},"query-input":{"@type":"PropertyValueSpecification","valueRequired":true,"valueName":"search_term_string"}}],"inLanguage":"en-US"}]}},"_links":{"self":[{"href":"https:\/\/www.closdugue.com\/en\/wp-json\/wp\/v2\/pages\/2683","targetHints":{"allow":["GET"]}}],"collection":[{"href":"https:\/\/www.closdugue.com\/en\/wp-json\/wp\/v2\/pages"}],"about":[{"href":"https:\/\/www.closdugue.com\/en\/wp-json\/wp\/v2\/types\/page"}],"author":[{"embeddable":true,"href":"https:\/\/www.closdugue.com\/en\/wp-json\/wp\/v2\/users\/2"}],"replies":[{"embeddable":true,"href":"https:\/\/www.closdugue.com\/en\/wp-json\/wp\/v2\/comments?post=2683"}],"version-history":[{"count":7,"href":"https:\/\/www.closdugue.com\/en\/wp-json\/wp\/v2\/pages\/2683\/revisions"}],"predecessor-version":[{"id":2816,"href":"https:\/\/www.closdugue.com\/en\/wp-json\/wp\/v2\/pages\/2683\/revisions\/2816"}],"wp:attachment":[{"href":"https:\/\/www.closdugue.com\/en\/wp-json\/wp\/v2\/media?parent=2683"}],"curies":[{"name":"wp","href":"https:\/\/api.w.org\/{rel}","templated":true}]}}