{"id":2751,"date":"2023-09-21T09:45:52","date_gmt":"2023-09-21T07:45:52","guid":{"rendered":"https:\/\/dpms-media.fr\/clos-du-gue\/description\/"},"modified":"2025-06-10T08:49:15","modified_gmt":"2025-06-10T06:49:15","slug":"description","status":"publish","type":"page","link":"https:\/\/www.closdugue.com\/en\/description\/","title":{"rendered":"Description"},"content":{"rendered":"<div id='salon'  class='avia-section av-44g1zj-7561d10dd79ce6b820f6220fbcf85468 main_color avia-section-no-padding avia-no-border-styling  avia-builder-el-0  avia-builder-el-no-sibling  avia-bg-style-scroll container_wrap sidebar_right'  ><div class='container av-section-cont-open' ><main  role=\"main\" itemprop=\"mainContentOfPage\"  class='template-page content  av-content-small alpha units'><div class='post-entry post-entry-type-page post-entry-2751'><div class='entry-content-wrapper clearfix'>\n\n<style type=\"text\/css\" data-created_by=\"avia_inline_auto\" id=\"style-css-av-ktyhfn68-4039a31dd7eb062c9f2ae2a3fed40ecc\">\n#top .hr.hr-invisible.av-ktyhfn68-4039a31dd7eb062c9f2ae2a3fed40ecc{\nheight:10px;\n}\n<\/style>\n<div  class='hr av-ktyhfn68-4039a31dd7eb062c9f2ae2a3fed40ecc hr-invisible  avia-builder-el-1  el_before_av_heading  avia-builder-el-first '><span class='hr-inner '><span class=\"hr-inner-style\"><\/span><\/span><\/div>\n\n<style type=\"text\/css\" data-created_by=\"avia_inline_auto\" id=\"style-css-av-ktvp7emj-b5ed91ecc3145b09a01ff08bb7b31f8a\">\n#top .av-special-heading.av-ktvp7emj-b5ed91ecc3145b09a01ff08bb7b31f8a{\npadding-bottom:10px;\n}\nbody .av-special-heading.av-ktvp7emj-b5ed91ecc3145b09a01ff08bb7b31f8a .av-special-heading-tag .heading-char{\nfont-size:25px;\n}\n.av-special-heading.av-ktvp7emj-b5ed91ecc3145b09a01ff08bb7b31f8a .av-subheading{\nfont-size:15px;\n}\n<\/style>\n<div  class='av-special-heading av-ktvp7emj-b5ed91ecc3145b09a01ff08bb7b31f8a av-special-heading-h1 blockquote modern-quote modern-centered  avia-builder-el-2  el_after_av_hr  el_before_av_hr  av-thin-font'><h1 class='av-special-heading-tag '  itemprop=\"headline\"  ><strong>Description<\/strong><\/h1><div class=\"special-heading-border\"><div class=\"special-heading-inner-border\"><\/div><\/div><\/div>\n\n<style type=\"text\/css\" data-created_by=\"avia_inline_auto\" id=\"style-css-av-2h34z3-a1ce9024c12bfbed41a1901884460a5e\">\n#top .hr.av-2h34z3-a1ce9024c12bfbed41a1901884460a5e{\nmargin-top:5px;\nmargin-bottom:20px;\n}\n.hr.av-2h34z3-a1ce9024c12bfbed41a1901884460a5e .hr-inner{\nwidth:50px;\nborder-color:#303030;\nmax-width:45%;\n}\n<\/style>\n<div  class='hr av-2h34z3-a1ce9024c12bfbed41a1901884460a5e hr-custom  avia-builder-el-3  el_after_av_heading  el_before_av_textblock  hr-center hr-icon-yes'><span class='hr-inner inner-border-av-border-thin'><span class=\"hr-inner-style\"><\/span><\/span><span class='av-seperator-icon avia-iconfont avia-font-entypo-fontello' data-av_icon='\ue808' data-av_iconfont='entypo-fontello' ><\/span><span class='hr-inner inner-border-av-border-thin'><span class=\"hr-inner-style\"><\/span><\/span><\/div>\n<section  class='av_textblock_section av-ktvp4sab-f307a80e45bf7ca31fa3d9e454ba3457 '   itemscope=\"itemscope\" itemtype=\"https:\/\/schema.org\/CreativeWork\" ><div class='avia_textblock'  itemprop=\"text\" ><div class=\"separator\" style=\"text-align: center\">\n<div class=\"ewa-rteLine\">\n<div class=\"ewa-rteLine\">\n<p>Le Clos du Gu\u00e9 is a serene countryside escape nestled in Pressac, Vienne, France. This charming property offers four cozy bedrooms\u2014three located on the first floor and one on the ground floor\u2014each with a private bathroom for added comfort.<\/p>\n<p>Guests can unwind in the fully equipped kitchen, relax in the spacious living room with a TV, DVD\/Blu-ray player, and piano, or enjoy meals outdoors in the summer dining area.<\/p>\n<p>The outdoor space is thoughtfully divided into two areas:<\/p>\n<p>The Garden \u2013 A beautifully maintained space with a comfortable outdoor lounge area, perfect for relaxing or enjoying an al fresco meal.<\/p>\n<p>The Park \u2013 Surrounded by water on two sides and a lake at one end, this expansive lawn is shaded by mature trees\u2014ideal for strolls or outdoor games.<\/p>\n<p>A highlight of the estate is the 16-meter pool, located in the park just beyond the garden wall. It features a shallow end suitable for children and ample space with sunbeds for lounging.<\/p>\n<p>With free parking for up to four cars, shops just 50 meters away, and daily breakfast served at restaurant Le Virage (8AM\u201310AM), Le Clos du Gu\u00e9 is your peaceful home away from home in the French countryside.<\/p>\n<\/div>\n<\/div>\n<\/div>\n<\/div><\/section>\n\n<style type=\"text\/css\" data-created_by=\"avia_inline_auto\" id=\"style-css-av-ktvp8gah-9ec8dcd172c3be348754cae9a57d4668\">\n#top .hr.av-ktvp8gah-9ec8dcd172c3be348754cae9a57d4668{\nmargin-top:5px;\nmargin-bottom:20px;\n}\n.hr.av-ktvp8gah-9ec8dcd172c3be348754cae9a57d4668 .hr-inner{\nwidth:50px;\nborder-color:#303030;\nmax-width:45%;\n}\n<\/style>\n<div  class='hr av-ktvp8gah-9ec8dcd172c3be348754cae9a57d4668 hr-custom  avia-builder-el-5  el_after_av_textblock  el_before_av_textblock  hr-center hr-icon-yes'><span class='hr-inner inner-border-av-border-thin'><span class=\"hr-inner-style\"><\/span><\/span><span class='av-seperator-icon avia-iconfont avia-font-entypo-fontello' data-av_icon='\ue808' data-av_iconfont='entypo-fontello' ><\/span><span class='hr-inner inner-border-av-border-thin'><span class=\"hr-inner-style\"><\/span><\/span><\/div>\n<section  class='av_textblock_section av-lmsurpux-814e0179ba577aa7fbf97187c538835c '   itemscope=\"itemscope\" itemtype=\"https:\/\/schema.org\/CreativeWork\" ><div class='avia_textblock'  itemprop=\"text\" ><div>\n<h3 class=\"post-title entry-title\" style=\"text-align: center\">Living and Dining Area<\/h3>\n<\/div>\n<p style=\"text-align: center\">The home features a living area with plenty of space, thoughtfully designed with ample seating and television for movie nights. The Kitchen also comes equipped with all the basic amenities for all your cooking needs.<\/p>\n<div class=\"separator\" style=\"text-align: center\"><\/div>\n<div class=\"separator\" style=\"text-align: center\"><\/div>\n<\/div><\/section>\n<div id='av-masonry-1' class='av-masonry av-33ge67-4e5df2f72ff336d4079cb966f194a813 noHover av-fixed-size av-large-gap av-hover-overlay-active av-masonry-animation-active av-masonry-col-flexible av-caption-always av-caption-style- av-masonry-gallery ' data-post_id=\"2751\"><div class=\"av-masonry-container isotope av-js-disabled\"><div class='av-masonry-entry isotope-item av-masonry-item-no-image '><\/div><a href=\"https:\/\/dpms-media.fr\/clos-du-gue\/wp-content\/uploads\/sites\/40\/2021\/09\/Petit-Salon-Cheminee-1-600x470-1.jpg\" data-srcset=\"https:\/\/dpms-media.fr\/clos-du-gue\/wp-content\/uploads\/sites\/40\/2021\/09\/Petit-Salon-Cheminee-1-600x470-1.jpg 600w, https:\/\/dpms-media.fr\/clos-du-gue\/wp-content\/uploads\/sites\/40\/2021\/09\/Petit-Salon-Cheminee-1-600x470-1-300x235.jpg 300w\" data-sizes=\"(max-width: 600px) 100vw, 600px\"  aria-label=\"image Petit-Salon-Chemin\u00e9e-1-600&#215;470\"  id='av-masonry-1-item-2547' data-av-masonry-item='2547' class='av-masonry-entry isotope-item post-2547 attachment type-attachment status-inherit hentry  av-masonry-item-with-image' title=\"Petit-Salon-Chemin\u00e9e-1-600&#215;470\" alt=\"\"    itemprop=\"thumbnailUrl\" ><div class='av-inner-masonry-sizer'><\/div><figure class='av-inner-masonry main_color'><div class=\"av-masonry-outerimage-container\"><div class='av-masonry-image-container' style=\"background-image: url(https:\/\/dpms-media.fr\/clos-du-gue\/wp-content\/uploads\/sites\/40\/2021\/09\/Petit-Salon-Cheminee-1-600x470-1.jpg);\"  title=\"Petit-Salon-Chemin\u00e9e-1-600&#215;470\" ><\/div><\/div><\/figure><\/a><!--end av-masonry entry--><a href=\"https:\/\/dpms-media.fr\/clos-du-gue\/wp-content\/uploads\/sites\/40\/2021\/09\/Petit-Salon-Cheminee-2-600x470-1.jpg\" data-srcset=\"https:\/\/dpms-media.fr\/clos-du-gue\/wp-content\/uploads\/sites\/40\/2021\/09\/Petit-Salon-Cheminee-2-600x470-1.jpg 600w, https:\/\/dpms-media.fr\/clos-du-gue\/wp-content\/uploads\/sites\/40\/2021\/09\/Petit-Salon-Cheminee-2-600x470-1-300x235.jpg 300w\" data-sizes=\"(max-width: 600px) 100vw, 600px\"  aria-label=\"image Petit-Salon-Chemin\u00e9e-2-600&#215;470\"  id='av-masonry-1-item-2548' data-av-masonry-item='2548' class='av-masonry-entry isotope-item post-2548 attachment type-attachment status-inherit hentry  av-masonry-item-with-image' title=\"Petit-Salon-Chemin\u00e9e-2-600&#215;470\" alt=\"\"    itemprop=\"thumbnailUrl\" ><div class='av-inner-masonry-sizer'><\/div><figure class='av-inner-masonry main_color'><div class=\"av-masonry-outerimage-container\"><div class='av-masonry-image-container' style=\"background-image: url(https:\/\/dpms-media.fr\/clos-du-gue\/wp-content\/uploads\/sites\/40\/2021\/09\/Petit-Salon-Cheminee-2-600x470-1.jpg);\"  title=\"Petit-Salon-Chemin\u00e9e-2-600&#215;470\" ><\/div><\/div><\/figure><\/a><!--end av-masonry entry--><a href=\"https:\/\/dpms-media.fr\/clos-du-gue\/wp-content\/uploads\/sites\/40\/2021\/09\/Salon-1-600x470-1.jpg\" data-srcset=\"https:\/\/dpms-media.fr\/clos-du-gue\/wp-content\/uploads\/sites\/40\/2021\/09\/Salon-1-600x470-1.jpg 600w, https:\/\/dpms-media.fr\/clos-du-gue\/wp-content\/uploads\/sites\/40\/2021\/09\/Salon-1-600x470-1-300x235.jpg 300w\" data-sizes=\"(max-width: 600px) 100vw, 600px\"  aria-label=\"image Salon-1-600&#215;470\"  id='av-masonry-1-item-2549' data-av-masonry-item='2549' class='av-masonry-entry isotope-item post-2549 attachment type-attachment status-inherit hentry  av-masonry-item-with-image' title=\"Salon-1-600&#215;470\" alt=\"\"    itemprop=\"thumbnailUrl\" ><div class='av-inner-masonry-sizer'><\/div><figure class='av-inner-masonry main_color'><div class=\"av-masonry-outerimage-container\"><div class='av-masonry-image-container' style=\"background-image: url(https:\/\/dpms-media.fr\/clos-du-gue\/wp-content\/uploads\/sites\/40\/2021\/09\/Salon-1-600x470-1.jpg);\"  title=\"Salon-1-600&#215;470\" ><\/div><\/div><\/figure><\/a><!--end av-masonry entry--><a href=\"https:\/\/dpms-media.fr\/clos-du-gue\/wp-content\/uploads\/sites\/40\/2017\/03\/cuisine.jpg\" data-srcset=\"https:\/\/dpms-media.fr\/clos-du-gue\/wp-content\/uploads\/sites\/40\/2017\/03\/cuisine.jpg 800w, https:\/\/dpms-media.fr\/clos-du-gue\/wp-content\/uploads\/sites\/40\/2017\/03\/cuisine-300x225.jpg 300w, https:\/\/dpms-media.fr\/clos-du-gue\/wp-content\/uploads\/sites\/40\/2017\/03\/cuisine-768x576.jpg 768w, https:\/\/dpms-media.fr\/clos-du-gue\/wp-content\/uploads\/sites\/40\/2017\/03\/cuisine-705x529.jpg 705w\" data-sizes=\"(max-width: 800px) 100vw, 800px\"  aria-label=\"image cuisine\"  id='av-masonry-1-item-2731' data-av-masonry-item='2731' class='av-masonry-entry isotope-item post-2731 attachment type-attachment status-inherit hentry  av-masonry-item-with-image' title=\"cuisine\" alt=\"\"    itemprop=\"thumbnailUrl\" ><div class='av-inner-masonry-sizer'><\/div><figure class='av-inner-masonry main_color'><div class=\"av-masonry-outerimage-container\"><div class='av-masonry-image-container' style=\"background-image: url(https:\/\/dpms-media.fr\/clos-du-gue\/wp-content\/uploads\/sites\/40\/2017\/03\/cuisine-705x529.jpg);\"  title=\"cuisine\" ><\/div><\/div><\/figure><\/a><!--end av-masonry entry--><a href=\"https:\/\/dpms-media.fr\/clos-du-gue\/wp-content\/uploads\/sites\/40\/2021\/12\/diner-aux-chandelles-1030x773.jpg\" data-srcset=\"https:\/\/dpms-media.fr\/clos-du-gue\/wp-content\/uploads\/sites\/40\/2021\/12\/diner-aux-chandelles-1030x773.jpg 1030w, https:\/\/dpms-media.fr\/clos-du-gue\/wp-content\/uploads\/sites\/40\/2021\/12\/diner-aux-chandelles-300x225.jpg 300w, https:\/\/dpms-media.fr\/clos-du-gue\/wp-content\/uploads\/sites\/40\/2021\/12\/diner-aux-chandelles-768x576.jpg 768w, https:\/\/dpms-media.fr\/clos-du-gue\/wp-content\/uploads\/sites\/40\/2021\/12\/diner-aux-chandelles-705x529.jpg 705w, https:\/\/dpms-media.fr\/clos-du-gue\/wp-content\/uploads\/sites\/40\/2021\/12\/diner-aux-chandelles.jpg 1440w\" data-sizes=\"(max-width: 1030px) 100vw, 1030px\"  aria-label=\"image diner aux chandelles\"  id='av-masonry-1-item-2727' data-av-masonry-item='2727' class='av-masonry-entry isotope-item post-2727 attachment type-attachment status-inherit hentry  av-masonry-item-with-image' title=\"diner aux chandelles\" alt=\"\"    itemprop=\"thumbnailUrl\" ><div class='av-inner-masonry-sizer'><\/div><figure class='av-inner-masonry main_color'><div class=\"av-masonry-outerimage-container\"><div class='av-masonry-image-container' style=\"background-image: url(https:\/\/dpms-media.fr\/clos-du-gue\/wp-content\/uploads\/sites\/40\/2021\/12\/diner-aux-chandelles-705x529.jpg);\"  title=\"diner aux chandelles\" ><\/div><\/div><\/figure><\/a><!--end av-masonry entry--><a href=\"https:\/\/dpms-media.fr\/clos-du-gue\/wp-content\/uploads\/sites\/40\/2021\/12\/salle-a-manger.jpg\" data-srcset=\"https:\/\/dpms-media.fr\/clos-du-gue\/wp-content\/uploads\/sites\/40\/2021\/12\/salle-a-manger.jpg 800w, https:\/\/dpms-media.fr\/clos-du-gue\/wp-content\/uploads\/sites\/40\/2021\/12\/salle-a-manger-300x225.jpg 300w, https:\/\/dpms-media.fr\/clos-du-gue\/wp-content\/uploads\/sites\/40\/2021\/12\/salle-a-manger-768x576.jpg 768w, https:\/\/dpms-media.fr\/clos-du-gue\/wp-content\/uploads\/sites\/40\/2021\/12\/salle-a-manger-705x529.jpg 705w\" data-sizes=\"(max-width: 800px) 100vw, 800px\"  aria-label=\"image salle a\u0300 manger\"  id='av-masonry-1-item-2707' data-av-masonry-item='2707' class='av-masonry-entry isotope-item post-2707 attachment type-attachment status-inherit hentry  av-masonry-item-with-image' title=\"salle a\u0300 manger\" alt=\"\"    itemprop=\"thumbnailUrl\" ><div class='av-inner-masonry-sizer'><\/div><figure class='av-inner-masonry main_color'><div class=\"av-masonry-outerimage-container\"><div class='av-masonry-image-container' style=\"background-image: url(https:\/\/dpms-media.fr\/clos-du-gue\/wp-content\/uploads\/sites\/40\/2021\/12\/salle-a-manger-705x529.jpg);\"  title=\"salle a\u0300 manger\" ><\/div><\/div><\/figure><\/a><!--end av-masonry entry--><\/div><\/div>\n<\/div><\/div><\/main><!-- close content main element --><\/div><\/div><div id='after_section_1'  class='main_color av_default_container_wrap container_wrap sidebar_right'  ><div class='container av-section-cont-open' ><div class='template-page content  av-content-small alpha units'><div class='post-entry post-entry-type-page post-entry-2751'><div class='entry-content-wrapper clearfix'>\n","protected":false},"excerpt":{"rendered":"","protected":false},"author":18,"featured_media":0,"parent":0,"menu_order":0,"comment_status":"closed","ping_status":"closed","template":"","meta":{"footnotes":""},"class_list":["post-2751","page","type-page","status-publish","hentry"],"yoast_head":"<!-- This site is optimized with the Yoast SEO plugin v27.5 - https:\/\/yoast.com\/product\/yoast-seo-wordpress\/ -->\n<title>Description - Le clos du gu\u00e9 - Maison d&#039;h\u00f4tes dans la Vienne<\/title>\n<meta name=\"robots\" content=\"index, follow, max-snippet:-1, max-image-preview:large, max-video-preview:-1\" \/>\n<link rel=\"canonical\" href=\"https:\/\/www.closdugue.com\/en\/description\/\" \/>\n<meta property=\"og:locale\" content=\"en_US\" \/>\n<meta property=\"og:type\" content=\"article\" \/>\n<meta property=\"og:title\" content=\"Description - Le clos du gu\u00e9 - Maison d&#039;h\u00f4tes dans la Vienne\" \/>\n<meta property=\"og:url\" content=\"https:\/\/www.closdugue.com\/en\/description\/\" \/>\n<meta property=\"og:site_name\" content=\"Le clos du gu\u00e9 - Maison d&#039;h\u00f4tes dans la Vienne\" \/>\n<meta property=\"article:modified_time\" content=\"2025-06-10T06:49:15+00:00\" \/>\n<meta name=\"twitter:card\" content=\"summary_large_image\" \/>\n<meta name=\"twitter:label1\" content=\"Est. reading time\" \/>\n\t<meta name=\"twitter:data1\" content=\"1 minute\" \/>\n<script type=\"application\/ld+json\" class=\"yoast-schema-graph\">{\"@context\":\"https:\\\/\\\/schema.org\",\"@graph\":[{\"@type\":\"WebPage\",\"@id\":\"https:\\\/\\\/www.closdugue.com\\\/en\\\/description\\\/\",\"url\":\"https:\\\/\\\/www.closdugue.com\\\/en\\\/description\\\/\",\"name\":\"Description - Le clos du gu\u00e9 - Maison d&#039;h\u00f4tes dans la Vienne\",\"isPartOf\":{\"@id\":\"https:\\\/\\\/www.closdugue.com\\\/#website\"},\"datePublished\":\"2023-09-21T07:45:52+00:00\",\"dateModified\":\"2025-06-10T06:49:15+00:00\",\"breadcrumb\":{\"@id\":\"https:\\\/\\\/www.closdugue.com\\\/en\\\/description\\\/#breadcrumb\"},\"inLanguage\":\"en-US\",\"potentialAction\":[{\"@type\":\"ReadAction\",\"target\":[\"https:\\\/\\\/www.closdugue.com\\\/en\\\/description\\\/\"]}]},{\"@type\":\"BreadcrumbList\",\"@id\":\"https:\\\/\\\/www.closdugue.com\\\/en\\\/description\\\/#breadcrumb\",\"itemListElement\":[{\"@type\":\"ListItem\",\"position\":1,\"name\":\"Accueil\",\"item\":\"https:\\\/\\\/www.closdugue.com\\\/\"},{\"@type\":\"ListItem\",\"position\":2,\"name\":\"Description\"}]},{\"@type\":\"WebSite\",\"@id\":\"https:\\\/\\\/www.closdugue.com\\\/#website\",\"url\":\"https:\\\/\\\/www.closdugue.com\\\/\",\"name\":\"Le clos du gu\u00e9 - Maison d&#039;h\u00f4tes dans la Vienne\",\"description\":\"Le clos du gu\u00e9 - Maison d&#039;h\u00f4tes Beynac Rentals\",\"potentialAction\":[{\"@type\":\"SearchAction\",\"target\":{\"@type\":\"EntryPoint\",\"urlTemplate\":\"https:\\\/\\\/www.closdugue.com\\\/?s={search_term_string}\"},\"query-input\":{\"@type\":\"PropertyValueSpecification\",\"valueRequired\":true,\"valueName\":\"search_term_string\"}}],\"inLanguage\":\"en-US\"}]}<\/script>\n<!-- \/ Yoast SEO plugin. -->","yoast_head_json":{"title":"Description - Le clos du gu\u00e9 - Maison d&#039;h\u00f4tes dans la Vienne","robots":{"index":"index","follow":"follow","max-snippet":"max-snippet:-1","max-image-preview":"max-image-preview:large","max-video-preview":"max-video-preview:-1"},"canonical":"https:\/\/www.closdugue.com\/en\/description\/","og_locale":"en_US","og_type":"article","og_title":"Description - Le clos du gu\u00e9 - Maison d&#039;h\u00f4tes dans la Vienne","og_url":"https:\/\/www.closdugue.com\/en\/description\/","og_site_name":"Le clos du gu\u00e9 - Maison d&#039;h\u00f4tes dans la Vienne","article_modified_time":"2025-06-10T06:49:15+00:00","twitter_card":"summary_large_image","twitter_misc":{"Est. reading time":"1 minute"},"schema":{"@context":"https:\/\/schema.org","@graph":[{"@type":"WebPage","@id":"https:\/\/www.closdugue.com\/en\/description\/","url":"https:\/\/www.closdugue.com\/en\/description\/","name":"Description - Le clos du gu\u00e9 - Maison d&#039;h\u00f4tes dans la Vienne","isPartOf":{"@id":"https:\/\/www.closdugue.com\/#website"},"datePublished":"2023-09-21T07:45:52+00:00","dateModified":"2025-06-10T06:49:15+00:00","breadcrumb":{"@id":"https:\/\/www.closdugue.com\/en\/description\/#breadcrumb"},"inLanguage":"en-US","potentialAction":[{"@type":"ReadAction","target":["https:\/\/www.closdugue.com\/en\/description\/"]}]},{"@type":"BreadcrumbList","@id":"https:\/\/www.closdugue.com\/en\/description\/#breadcrumb","itemListElement":[{"@type":"ListItem","position":1,"name":"Accueil","item":"https:\/\/www.closdugue.com\/"},{"@type":"ListItem","position":2,"name":"Description"}]},{"@type":"WebSite","@id":"https:\/\/www.closdugue.com\/#website","url":"https:\/\/www.closdugue.com\/","name":"Le clos du gu\u00e9 - Maison d&#039;h\u00f4tes dans la Vienne","description":"Le clos du gu\u00e9 - Maison d&#039;h\u00f4tes Beynac Rentals","potentialAction":[{"@type":"SearchAction","target":{"@type":"EntryPoint","urlTemplate":"https:\/\/www.closdugue.com\/?s={search_term_string}"},"query-input":{"@type":"PropertyValueSpecification","valueRequired":true,"valueName":"search_term_string"}}],"inLanguage":"en-US"}]}},"_links":{"self":[{"href":"https:\/\/www.closdugue.com\/en\/wp-json\/wp\/v2\/pages\/2751","targetHints":{"allow":["GET"]}}],"collection":[{"href":"https:\/\/www.closdugue.com\/en\/wp-json\/wp\/v2\/pages"}],"about":[{"href":"https:\/\/www.closdugue.com\/en\/wp-json\/wp\/v2\/types\/page"}],"author":[{"embeddable":true,"href":"https:\/\/www.closdugue.com\/en\/wp-json\/wp\/v2\/users\/18"}],"replies":[{"embeddable":true,"href":"https:\/\/www.closdugue.com\/en\/wp-json\/wp\/v2\/comments?post=2751"}],"version-history":[{"count":12,"href":"https:\/\/www.closdugue.com\/en\/wp-json\/wp\/v2\/pages\/2751\/revisions"}],"predecessor-version":[{"id":3033,"href":"https:\/\/www.closdugue.com\/en\/wp-json\/wp\/v2\/pages\/2751\/revisions\/3033"}],"wp:attachment":[{"href":"https:\/\/www.closdugue.com\/en\/wp-json\/wp\/v2\/media?parent=2751"}],"curies":[{"name":"wp","href":"https:\/\/api.w.org\/{rel}","templated":true}]}}