{"id":2796,"date":"2017-03-08T13:44:20","date_gmt":"2017-03-08T13:44:20","guid":{"rendered":"https:\/\/dpms-media.fr\/clos-du-gue\/home\/"},"modified":"2024-12-23T02:54:49","modified_gmt":"2024-12-23T01:54:49","slug":"home","status":"publish","type":"page","link":"https:\/\/www.closdugue.com\/en\/home\/","title":{"rendered":"Home"},"content":{"rendered":"<div id='av_section_1'  class='avia-section av-3tr3s0-b0fb13345ad7e2d018ef748bd01c26eb main_color avia-section-small avia-no-border-styling  avia-builder-el-0  el_before_av_section  avia-builder-el-first  avia-bg-style-scroll container_wrap sidebar_right'  ><div class='container av-section-cont-open' ><main  role=\"main\" itemprop=\"mainContentOfPage\"  class='template-page content  av-content-small alpha units'><div class='post-entry post-entry-type-page post-entry-2796'><div class='entry-content-wrapper clearfix'>\n<div  class='flex_column av-2ks0qo-912c853f0b651ee9824f569784879a2d av_one_full  avia-builder-el-1  avia-builder-el-no-sibling  first flex_column_div  '     ><section  class='av_textblock_section av-ktvkkabe-0f262b640506569d9b435c9e01f38d08 '   itemscope=\"itemscope\" itemtype=\"https:\/\/schema.org\/CreativeWork\" ><div class='avia_textblock'  itemprop=\"text\" ><h1 style=\"text-align: center\">LE CLOS DU GU\u00c9<\/h1>\n<p style=\"text-align: center\">Prestigious residence of the XVIII century composed of 4 bedrooms and a newly constructed swimming pool that can accommodate up to 9 people, located in the heart of a magnificent flower garden and a wooded park.<\/p>\n<p style=\"text-align: center\">Ideal for a stay with family or friends.<\/p>\n<\/div><\/section><\/div><\/div><\/div><\/main><!-- close content main element --><\/div><\/div><div id='av_section_2'  class='avia-section av-4cr1ow-d8603e190126888a03973bde7d293c7f main_color avia-section-no-padding avia-no-border-styling  avia-builder-el-3  el_after_av_section  avia-builder-el-last  avia-bg-style-scroll container_wrap sidebar_right'  ><div class='container av-section-cont-open' ><div class='template-page content  av-content-small alpha units'><div class='post-entry post-entry-type-page post-entry-2796'><div class='entry-content-wrapper clearfix'>\n\n<style type=\"text\/css\" data-created_by=\"avia_inline_auto\" id=\"style-css-av-1upnvk-f4a397615faf99fe252b1c3137251795\">\n#top .flex_column.av-1upnvk-f4a397615faf99fe252b1c3137251795{\nmargin-top:0px;\nmargin-bottom:0px;\n}\n.flex_column.av-1upnvk-f4a397615faf99fe252b1c3137251795{\nborder-radius:0px 0px 0px 0px;\npadding:0px 0px 0px 0px;\n}\n.responsive #top #wrap_all .flex_column.av-1upnvk-f4a397615faf99fe252b1c3137251795{\nmargin-top:0px;\nmargin-bottom:0px;\n}\n<\/style>\n<div  class='flex_column av-1upnvk-f4a397615faf99fe252b1c3137251795 av_one_full  avia-builder-el-4  el_before_av_hr  avia-builder-el-first  first flex_column_div av-zero-column-padding  '     ><div id='av-masonry-1' class='av-masonry av-ktts33y2-4be0476564a1efd5e3dcccd654850a67 noHover av-fixed-size av-large-gap av-hover-overlay-active av-masonry-animation-active av-masonry-col-4 av-caption-on-hover av-caption-style-overlay av-masonry-entries ' data-post_id=\"2796\"><div class=\"av-masonry-container isotope av-js-disabled\"><div class='av-masonry-entry isotope-item av-masonry-item-no-image '><\/div><a href=\"https:\/\/www.closdugue.com\/en\/piscine\/\"  id='av-masonry-1-item-2850' data-av-masonry-item='2850' class='av-masonry-entry isotope-item post-2850 portfolio type-portfolio status-publish has-post-thumbnail hentry portfolio_entries-chambre-dhote-en  av-masonry-item-with-image av-grid-img' title=\"Piscine clos du gu\u00e9\"   itemscope=\"itemscope\" itemtype=\"https:\/\/schema.org\/CreativeWork\" ><div class='av-inner-masonry-sizer'><\/div><figure class='av-inner-masonry main_color'><div class=\"av-masonry-outerimage-container\"><div class='av-masonry-image-container' style=\"background-image: url(https:\/\/dpms-media.fr\/clos-du-gue\/wp-content\/uploads\/sites\/40\/2025\/02\/Piscine-clos-du-gue-705x529.jpg);\"  title=\"Piscine clos du gu\u00e9\" ><\/div><\/div><\/figure><\/a><!--end av-masonry entry--><a href=\"http:\/\/rossillonie.beynacrentals.com\"  id='av-masonry-1-item-2593' data-av-masonry-item='2593' class='av-masonry-entry isotope-item post-2593 portfolio type-portfolio status-publish has-post-thumbnail hentry portfolio_entries-chambre-dhote-en  av-masonry-item-with-image av-grid-img' title=\"photo mur exte\u0301rieur\"   itemscope=\"itemscope\" itemtype=\"https:\/\/schema.org\/CreativeWork\" ><div class='av-inner-masonry-sizer'><\/div><figure class='av-inner-masonry main_color'><div class=\"av-masonry-outerimage-container\"><div class='av-masonry-image-container' style=\"background-image: url(https:\/\/dpms-media.fr\/clos-du-gue\/wp-content\/uploads\/sites\/40\/2021\/12\/photo-mur-exterieur-705x529.jpg);\"  title=\"photo mur exte\u0301rieur\" ><\/div><\/div><\/figure><\/a><!--end av-masonry entry--><a href=\"http:\/\/grange-milou.beynacrentals.com\"  id='av-masonry-1-item-2594' data-av-masonry-item='2594' class='av-masonry-entry isotope-item post-2594 portfolio type-portfolio status-publish has-post-thumbnail hentry portfolio_entries-chambre-dhote-en  av-masonry-item-with-image av-grid-img' title=\"Exterior side_3_11zon\"   itemscope=\"itemscope\" itemtype=\"https:\/\/schema.org\/CreativeWork\" ><div class='av-inner-masonry-sizer'><\/div><figure class='av-inner-masonry main_color'><div class=\"av-masonry-outerimage-container\"><div class='av-masonry-image-container' style=\"background-image: url(https:\/\/dpms-media.fr\/clos-du-gue\/wp-content\/uploads\/sites\/40\/2025\/04\/Exterior-side_3_11zon-705x470.jpg);\"  title=\"Exterior side_3_11zon\" ><\/div><\/div><\/figure><\/a><!--end av-masonry entry--><a href=\"http:\/\/appartement-cafourche.beynacrentals.com\"  id='av-masonry-1-item-2595' data-av-masonry-item='2595' class='av-masonry-entry isotope-item post-2595 portfolio type-portfolio status-publish has-post-thumbnail hentry portfolio_entries-gite-en  av-masonry-item-with-image av-grid-img' title=\"jardin\"   itemscope=\"itemscope\" itemtype=\"https:\/\/schema.org\/CreativeWork\" ><div class='av-inner-masonry-sizer'><\/div><figure class='av-inner-masonry main_color'><div class=\"av-masonry-outerimage-container\"><div class='av-masonry-image-container' style=\"background-image: url(https:\/\/dpms-media.fr\/clos-du-gue\/wp-content\/uploads\/sites\/40\/2021\/12\/jardin-705x529.jpg);\"  title=\"jardin\" ><\/div><\/div><\/figure><\/a><!--end av-masonry entry--><a href=\"http:\/\/maison-linol.beynacrentals.com\"  id='av-masonry-1-item-2596' data-av-masonry-item='2596' class='av-masonry-entry isotope-item post-2596 portfolio type-portfolio status-publish has-post-thumbnail hentry portfolio_entries-gite-en  av-masonry-item-with-image av-grid-img' title=\"Dining Area_16_11zon\"   itemscope=\"itemscope\" itemtype=\"https:\/\/schema.org\/CreativeWork\" ><div class='av-inner-masonry-sizer'><\/div><figure class='av-inner-masonry main_color'><div class=\"av-masonry-outerimage-container\"><div class='av-masonry-image-container' style=\"background-image: url(https:\/\/dpms-media.fr\/clos-du-gue\/wp-content\/uploads\/sites\/40\/2025\/04\/Dining-Area_16_11zon-705x470.jpg);\"  title=\"Dining Area_16_11zon\" ><\/div><\/div><\/figure><\/a><!--end av-masonry entry--><a href=\"http:\/\/tour-milou.beynacrentals.com\"  id='av-masonry-1-item-2597' data-av-masonry-item='2597' class='av-masonry-entry isotope-item post-2597 portfolio type-portfolio status-publish has-post-thumbnail hentry portfolio_entries-gite-en  av-masonry-item-with-image av-grid-img' title=\"Bedroom 3_10_11zon\"   itemscope=\"itemscope\" itemtype=\"https:\/\/schema.org\/CreativeWork\" ><div class='av-inner-masonry-sizer'><\/div><figure class='av-inner-masonry main_color'><div class=\"av-masonry-outerimage-container\"><div class='av-masonry-image-container' style=\"background-image: url(https:\/\/dpms-media.fr\/clos-du-gue\/wp-content\/uploads\/sites\/40\/2025\/04\/Bedroom-3_10_11zon-705x470.jpg);\"  title=\"Bedroom 3_10_11zon\" ><\/div><\/div><\/figure><\/a><!--end av-masonry entry--><a href=\"http:\/\/maison-ogalop.beynacrentals.com\"  id='av-masonry-1-item-2598' data-av-masonry-item='2598' class='av-masonry-entry isotope-item post-2598 portfolio type-portfolio status-publish has-post-thumbnail hentry portfolio_entries-gite-en  av-masonry-item-with-image av-grid-img' title=\"Bedroom 5_12_11zon\"   itemscope=\"itemscope\" itemtype=\"https:\/\/schema.org\/CreativeWork\" ><div class='av-inner-masonry-sizer'><\/div><figure class='av-inner-masonry main_color'><div class=\"av-masonry-outerimage-container\"><div class='av-masonry-image-container' style=\"background-image: url(https:\/\/dpms-media.fr\/clos-du-gue\/wp-content\/uploads\/sites\/40\/2025\/04\/Bedroom-5_12_11zon-705x470.jpg);\"  title=\"Bedroom 5_12_11zon\" ><\/div><\/div><\/figure><\/a><!--end av-masonry entry--><a href=\"http:\/\/maison-milou.beynacrentals.com\"  id='av-masonry-1-item-2599' data-av-masonry-item='2599' class='av-masonry-entry isotope-item post-2599 portfolio type-portfolio status-publish has-post-thumbnail hentry portfolio_entries-gite-en  av-masonry-item-with-image av-grid-img' title=\"Bedroom 1_8_11zon\"   itemscope=\"itemscope\" itemtype=\"https:\/\/schema.org\/CreativeWork\" ><div class='av-inner-masonry-sizer'><\/div><figure class='av-inner-masonry main_color'><div class=\"av-masonry-outerimage-container\"><div class='av-masonry-image-container' style=\"background-image: url(https:\/\/dpms-media.fr\/clos-du-gue\/wp-content\/uploads\/sites\/40\/2025\/04\/Bedroom-1_8_11zon-705x470.jpg);\"  title=\"Bedroom 1_8_11zon\" ><\/div><\/div><\/figure><\/a><!--end av-masonry entry--><a href=\"http:\/\/sarrasins.beynacrentals.com\"  id='av-masonry-1-item-2600' data-av-masonry-item='2600' class='av-masonry-entry isotope-item post-2600 portfolio type-portfolio status-publish has-post-thumbnail hentry portfolio_entries-gite-en  av-masonry-item-with-image av-grid-img' title=\"Kitchen_6_11zon\"   itemscope=\"itemscope\" itemtype=\"https:\/\/schema.org\/CreativeWork\" ><div class='av-inner-masonry-sizer'><\/div><figure class='av-inner-masonry main_color'><div class=\"av-masonry-outerimage-container\"><div class='av-masonry-image-container' style=\"background-image: url(https:\/\/dpms-media.fr\/clos-du-gue\/wp-content\/uploads\/sites\/40\/2025\/04\/Kitchen_6_11zon-705x470.jpg);\"  title=\"Kitchen_6_11zon\" ><\/div><\/div><\/figure><\/a><!--end av-masonry entry--><a href=\"https:\/\/www.closdugue.com\"  id='av-masonry-1-item-2601' data-av-masonry-item='2601' class='av-masonry-entry isotope-item post-2601 portfolio type-portfolio status-publish has-post-thumbnail hentry portfolio_entries-gite-en  av-masonry-item-with-image av-grid-img' title=\"Mur-Ext\u00e9rieur-1-600&#215;470\"   itemscope=\"itemscope\" itemtype=\"https:\/\/schema.org\/CreativeWork\" ><div class='av-inner-masonry-sizer'><\/div><figure class='av-inner-masonry main_color'><div class=\"av-masonry-outerimage-container\"><div class='av-masonry-image-container' style=\"background-image: url(https:\/\/dpms-media.fr\/clos-du-gue\/wp-content\/uploads\/sites\/40\/2021\/09\/Mur-Exterieur-1-600x470-1.jpg);\"  title=\"Mur-Ext\u00e9rieur-1-600&#215;470\" ><\/div><\/div><\/figure><\/a><!--end av-masonry entry--><\/div><\/div><\/div>\n<style type=\"text\/css\" data-created_by=\"avia_inline_auto\" id=\"style-css-av-kttw9i6o-a7a2bd514a94a8327377412eed944f97\">\n#top .hr.hr-invisible.av-kttw9i6o-a7a2bd514a94a8327377412eed944f97{\nheight:20px;\n}\n<\/style>\n<div  class='hr av-kttw9i6o-a7a2bd514a94a8327377412eed944f97 hr-invisible  avia-builder-el-6  el_after_av_one_full  avia-builder-el-last '><span class='hr-inner '><span class=\"hr-inner-style\"><\/span><\/span><\/div>\n<\/div><\/div><\/div><!-- close content main div --><\/div><\/div><div id='after_section_2'  class='main_color av_default_container_wrap container_wrap sidebar_right'  ><div class='container av-section-cont-open' ><div class='template-page content  av-content-small alpha units'><div class='post-entry post-entry-type-page post-entry-2796'><div class='entry-content-wrapper clearfix'><\/p>\n","protected":false},"excerpt":{"rendered":"","protected":false},"author":2,"featured_media":0,"parent":0,"menu_order":0,"comment_status":"closed","ping_status":"closed","template":"","meta":{"footnotes":""},"class_list":["post-2796","page","type-page","status-publish","hentry"],"yoast_head":"<!-- This site is optimized with the Yoast SEO plugin v27.5 - https:\/\/yoast.com\/product\/yoast-seo-wordpress\/ -->\n<title>Home - Le clos du gu\u00e9 - Maison d&#039;h\u00f4tes dans la Vienne<\/title>\n<meta name=\"robots\" content=\"index, follow, max-snippet:-1, max-image-preview:large, max-video-preview:-1\" \/>\n<link rel=\"canonical\" href=\"https:\/\/www.closdugue.com\/en\/home\/\" \/>\n<meta property=\"og:locale\" content=\"en_US\" \/>\n<meta property=\"og:type\" content=\"article\" \/>\n<meta property=\"og:title\" content=\"Home - Le clos du gu\u00e9 - Maison d&#039;h\u00f4tes dans la Vienne\" \/>\n<meta property=\"og:url\" content=\"https:\/\/www.closdugue.com\/en\/home\/\" \/>\n<meta property=\"og:site_name\" content=\"Le clos du gu\u00e9 - Maison d&#039;h\u00f4tes dans la Vienne\" \/>\n<meta property=\"article:modified_time\" content=\"2024-12-23T01:54:49+00:00\" \/>\n<meta name=\"twitter:card\" content=\"summary_large_image\" \/>\n<meta name=\"twitter:label1\" content=\"Est. reading time\" \/>\n\t<meta name=\"twitter:data1\" content=\"1 minute\" \/>\n<script type=\"application\/ld+json\" class=\"yoast-schema-graph\">{\"@context\":\"https:\\\/\\\/schema.org\",\"@graph\":[{\"@type\":\"WebPage\",\"@id\":\"https:\\\/\\\/www.closdugue.com\\\/en\\\/home\\\/\",\"url\":\"https:\\\/\\\/www.closdugue.com\\\/en\\\/home\\\/\",\"name\":\"Home - Le clos du gu\u00e9 - Maison d&#039;h\u00f4tes dans la Vienne\",\"isPartOf\":{\"@id\":\"https:\\\/\\\/www.closdugue.com\\\/#website\"},\"datePublished\":\"2017-03-08T13:44:20+00:00\",\"dateModified\":\"2024-12-23T01:54:49+00:00\",\"breadcrumb\":{\"@id\":\"https:\\\/\\\/www.closdugue.com\\\/en\\\/home\\\/#breadcrumb\"},\"inLanguage\":\"en-US\",\"potentialAction\":[{\"@type\":\"ReadAction\",\"target\":[\"https:\\\/\\\/www.closdugue.com\\\/en\\\/home\\\/\"]}]},{\"@type\":\"BreadcrumbList\",\"@id\":\"https:\\\/\\\/www.closdugue.com\\\/en\\\/home\\\/#breadcrumb\",\"itemListElement\":[{\"@type\":\"ListItem\",\"position\":1,\"name\":\"Accueil\",\"item\":\"https:\\\/\\\/www.closdugue.com\\\/\"},{\"@type\":\"ListItem\",\"position\":2,\"name\":\"Home\"}]},{\"@type\":\"WebSite\",\"@id\":\"https:\\\/\\\/www.closdugue.com\\\/#website\",\"url\":\"https:\\\/\\\/www.closdugue.com\\\/\",\"name\":\"Le clos du gu\u00e9 - Maison d&#039;h\u00f4tes dans la Vienne\",\"description\":\"Le clos du gu\u00e9 - Maison d&#039;h\u00f4tes Beynac Rentals\",\"potentialAction\":[{\"@type\":\"SearchAction\",\"target\":{\"@type\":\"EntryPoint\",\"urlTemplate\":\"https:\\\/\\\/www.closdugue.com\\\/?s={search_term_string}\"},\"query-input\":{\"@type\":\"PropertyValueSpecification\",\"valueRequired\":true,\"valueName\":\"search_term_string\"}}],\"inLanguage\":\"en-US\"}]}<\/script>\n<!-- \/ Yoast SEO plugin. -->","yoast_head_json":{"title":"Home - Le clos du gu\u00e9 - Maison d&#039;h\u00f4tes dans la Vienne","robots":{"index":"index","follow":"follow","max-snippet":"max-snippet:-1","max-image-preview":"max-image-preview:large","max-video-preview":"max-video-preview:-1"},"canonical":"https:\/\/www.closdugue.com\/en\/home\/","og_locale":"en_US","og_type":"article","og_title":"Home - Le clos du gu\u00e9 - Maison d&#039;h\u00f4tes dans la Vienne","og_url":"https:\/\/www.closdugue.com\/en\/home\/","og_site_name":"Le clos du gu\u00e9 - Maison d&#039;h\u00f4tes dans la Vienne","article_modified_time":"2024-12-23T01:54:49+00:00","twitter_card":"summary_large_image","twitter_misc":{"Est. reading time":"1 minute"},"schema":{"@context":"https:\/\/schema.org","@graph":[{"@type":"WebPage","@id":"https:\/\/www.closdugue.com\/en\/home\/","url":"https:\/\/www.closdugue.com\/en\/home\/","name":"Home - Le clos du gu\u00e9 - Maison d&#039;h\u00f4tes dans la Vienne","isPartOf":{"@id":"https:\/\/www.closdugue.com\/#website"},"datePublished":"2017-03-08T13:44:20+00:00","dateModified":"2024-12-23T01:54:49+00:00","breadcrumb":{"@id":"https:\/\/www.closdugue.com\/en\/home\/#breadcrumb"},"inLanguage":"en-US","potentialAction":[{"@type":"ReadAction","target":["https:\/\/www.closdugue.com\/en\/home\/"]}]},{"@type":"BreadcrumbList","@id":"https:\/\/www.closdugue.com\/en\/home\/#breadcrumb","itemListElement":[{"@type":"ListItem","position":1,"name":"Accueil","item":"https:\/\/www.closdugue.com\/"},{"@type":"ListItem","position":2,"name":"Home"}]},{"@type":"WebSite","@id":"https:\/\/www.closdugue.com\/#website","url":"https:\/\/www.closdugue.com\/","name":"Le clos du gu\u00e9 - Maison d&#039;h\u00f4tes dans la Vienne","description":"Le clos du gu\u00e9 - Maison d&#039;h\u00f4tes Beynac Rentals","potentialAction":[{"@type":"SearchAction","target":{"@type":"EntryPoint","urlTemplate":"https:\/\/www.closdugue.com\/?s={search_term_string}"},"query-input":{"@type":"PropertyValueSpecification","valueRequired":true,"valueName":"search_term_string"}}],"inLanguage":"en-US"}]}},"_links":{"self":[{"href":"https:\/\/www.closdugue.com\/en\/wp-json\/wp\/v2\/pages\/2796","targetHints":{"allow":["GET"]}}],"collection":[{"href":"https:\/\/www.closdugue.com\/en\/wp-json\/wp\/v2\/pages"}],"about":[{"href":"https:\/\/www.closdugue.com\/en\/wp-json\/wp\/v2\/types\/page"}],"author":[{"embeddable":true,"href":"https:\/\/www.closdugue.com\/en\/wp-json\/wp\/v2\/users\/2"}],"replies":[{"embeddable":true,"href":"https:\/\/www.closdugue.com\/en\/wp-json\/wp\/v2\/comments?post=2796"}],"version-history":[{"count":3,"href":"https:\/\/www.closdugue.com\/en\/wp-json\/wp\/v2\/pages\/2796\/revisions"}],"predecessor-version":[{"id":2849,"href":"https:\/\/www.closdugue.com\/en\/wp-json\/wp\/v2\/pages\/2796\/revisions\/2849"}],"wp:attachment":[{"href":"https:\/\/www.closdugue.com\/en\/wp-json\/wp\/v2\/media?parent=2796"}],"curies":[{"name":"wp","href":"https:\/\/api.w.org\/{rel}","templated":true}]}}