{"id":2807,"date":"2021-12-03T18:47:19","date_gmt":"2021-12-03T17:47:19","guid":{"rendered":"https:\/\/dpms-media.fr\/clos-du-gue\/toutes-nos-locations\/"},"modified":"2023-09-25T08:29:53","modified_gmt":"2023-09-25T06:29:53","slug":"toutes-nos-locations","status":"publish","type":"page","link":"https:\/\/www.closdugue.com\/en\/toutes-nos-locations\/","title":{"rendered":"Toutes nos locations"},"content":{"rendered":"<div id='salon'  class='avia-section av-rpaen7-481eb419ad7b5fae340f204d2031aa7d main_color avia-section-no-padding avia-no-border-styling  avia-builder-el-0  el_before_av_section  avia-builder-el-first  avia-bg-style-scroll container_wrap sidebar_right'  ><div class='container av-section-cont-open' ><main  role=\"main\" itemprop=\"mainContentOfPage\"  class='template-page content  av-content-small alpha units'><div class='post-entry post-entry-type-page post-entry-2807'><div class='entry-content-wrapper clearfix'>\n\n<style type=\"text\/css\" data-created_by=\"avia_inline_auto\" id=\"style-css-av-prxeo3-187f4f8f002e7e8ba574b04a4855b9fe\">\n#top .hr.hr-invisible.av-prxeo3-187f4f8f002e7e8ba574b04a4855b9fe{\nheight:10px;\n}\n<\/style>\n<div  class='hr av-prxeo3-187f4f8f002e7e8ba574b04a4855b9fe hr-invisible  avia-builder-el-1  el_before_av_heading  avia-builder-el-first '><span class='hr-inner '><span class=\"hr-inner-style\"><\/span><\/span><\/div>\n\n<style type=\"text\/css\" data-created_by=\"avia_inline_auto\" id=\"style-css-av-ooiapf-583f9673225267a9fd49d75470f7f3b2\">\n#top .av-special-heading.av-ooiapf-583f9673225267a9fd49d75470f7f3b2{\npadding-bottom:10px;\n}\nbody .av-special-heading.av-ooiapf-583f9673225267a9fd49d75470f7f3b2 .av-special-heading-tag .heading-char{\nfont-size:25px;\n}\n.av-special-heading.av-ooiapf-583f9673225267a9fd49d75470f7f3b2 .av-subheading{\nfont-size:15px;\n}\n<\/style>\n<div  class='av-special-heading av-ooiapf-583f9673225267a9fd49d75470f7f3b2 av-special-heading-h1 custom-color-heading blockquote modern-quote modern-centered  avia-builder-el-2  el_after_av_hr  el_before_av_hr  av-thin-font'><h1 class='av-special-heading-tag '  itemprop=\"headline\"  ><strong>Toutes nos locations<\/strong><\/h1><div class=\"special-heading-border\"><div class=\"special-heading-inner-border\"><\/div><\/div><\/div>\n\n<style type=\"text\/css\" data-created_by=\"avia_inline_auto\" id=\"style-css-av-mmmtyr-295257f1c42bb60510127130b9d05db0\">\n#top .hr.av-mmmtyr-295257f1c42bb60510127130b9d05db0{\nmargin-top:5px;\nmargin-bottom:20px;\n}\n.hr.av-mmmtyr-295257f1c42bb60510127130b9d05db0 .hr-inner{\nwidth:50px;\nborder-color:#303030;\nmax-width:45%;\n}\n<\/style>\n<div  class='hr av-mmmtyr-295257f1c42bb60510127130b9d05db0 hr-custom  avia-builder-el-3  el_after_av_heading  avia-builder-el-last  hr-center hr-icon-yes'><span class='hr-inner inner-border-av-border-thin'><span class=\"hr-inner-style\"><\/span><\/span><span class='av-seperator-icon avia-iconfont avia-font-entypo-fontello' data-av_icon='\ue808' data-av_iconfont='entypo-fontello' ><\/span><span class='hr-inner inner-border-av-border-thin'><span class=\"hr-inner-style\"><\/span><\/span><\/div>\n<\/div><\/div><\/main><!-- close content main element --><\/div><\/div><div id='salon'  class='avia-section av-8vmegz-1c248e70968b5b915997d4c49bd462fe main_color avia-section-no-padding avia-no-border-styling  avia-builder-el-4  el_after_av_section  avia-builder-el-last  avia-bg-style-scroll container_wrap sidebar_right'  ><div class='container av-section-cont-open' ><div class='template-page content  av-content-small alpha units'><div class='post-entry post-entry-type-page post-entry-2807'><div class='entry-content-wrapper clearfix'>\n<div  id=\"av-sc-portfolio-1\"  class=\"av-portfolio-grid-sorting-container\"><div class='sort_width_container  av-sort-yes' data-portfolio-id='1' ><div id='js_sort_items' ><div class='sort_by_cat '><a href=\"#\" data-filter=\"all_sort\" class=\"all_sort_button active_sort\"><span class=\"inner_sort_button\"><span>All<\/span><small class=\"av-cat-count\"> 10 <\/small><\/span><\/a><span class=\"text-sep chambre-dhote-en_sort_sep\">\/<\/span><a href=\"#\" data-filter=\"chambre-dhote-en_sort\" class=\"chambre-dhote-en_sort_button\" ><span class=\"inner_sort_button\"><span>Chambre d&#8217;h\u00f4te<\/span><small class=\"av-cat-count\"> 2 <\/small><\/span><\/a><span class=\"text-sep gite-en_sort_sep\">\/<\/span><a href=\"#\" data-filter=\"gite-en_sort\" class=\"gite-en_sort_button\" ><span class=\"inner_sort_button\"><span>G\u00eete<\/span><small class=\"av-cat-count\"> 9 <\/small><\/span><\/a><\/div><\/div><\/div><div  class=' grid-sort-container isotope   no_margin-container with-title-container grid-total-even grid-col-3 grid-links-' data-portfolio-id='1'><div data-ajax-id='2608' class=' grid-entry flex_column isotope-item all_sort no_margin post-entry post-entry-2608 grid-entry-overview grid-loop-1 grid-parity-odd  chambre-dhote-en_sort  av_one_third first default_av_fullwidth '><article class='main_color inner-entry'  itemscope=\"itemscope\" itemtype=\"https:\/\/schema.org\/CreativeWork\" ><a href=\"https:\/\/dpms-media.fr\/clos-du-gue\/description\/#chambres\" title='Chambre 2'  data-rel='grid-1' class='grid-image avia-hover-fx'> <img decoding=\"async\" fetchpriority=\"high\" width=\"495\" height=\"400\" src=\"https:\/\/dpms-media.fr\/clos-du-gue\/wp-content\/uploads\/sites\/40\/2025\/04\/Bedroom-4_11_11zon-495x400.jpg\" class=\"wp-image-2894 avia-img-lazy-loading-not-2894 attachment-portfolio size-portfolio wp-post-image\" alt=\"\" srcset=\"https:\/\/dpms-media.fr\/clos-du-gue\/wp-content\/uploads\/sites\/40\/2025\/04\/Bedroom-4_11_11zon-495x400.jpg 495w, https:\/\/dpms-media.fr\/clos-du-gue\/wp-content\/uploads\/sites\/40\/2025\/04\/Bedroom-4_11_11zon-845x684.jpg 845w\" sizes=\"(max-width: 495px) 100vw, 495px\" \/><\/a><div class='grid-content'><div class='avia-arrow'><\/div><header class=\"entry-content-header\" aria-label=\"Portfolio: Chambre 2\"><h3 class='grid-entry-title entry-title '  itemprop=\"headline\" >Chambre 2<\/h3><\/header><\/div><footer class=\"entry-footer\"><\/footer><\/article><\/div><div data-ajax-id='2606' class=' grid-entry flex_column isotope-item all_sort no_margin post-entry post-entry-2606 grid-entry-overview grid-loop-2 grid-parity-even  chambre-dhote-en_sort gite-en_sort  av_one_third  default_av_fullwidth '><article class='main_color inner-entry'  itemscope=\"itemscope\" itemtype=\"https:\/\/schema.org\/CreativeWork\" ><a href=\"https:\/\/dpms-media.fr\/clos-du-gue\/description\/#chambres\" title='Chambre 1'  data-rel='grid-1' class='grid-image avia-hover-fx'> <img decoding=\"async\" fetchpriority=\"high\" width=\"495\" height=\"400\" src=\"https:\/\/dpms-media.fr\/clos-du-gue\/wp-content\/uploads\/sites\/40\/2025\/04\/Bedroom-3_10_11zon-495x400.jpg\" class=\"wp-image-2892 avia-img-lazy-loading-not-2892 attachment-portfolio size-portfolio wp-post-image\" alt=\"\" srcset=\"https:\/\/dpms-media.fr\/clos-du-gue\/wp-content\/uploads\/sites\/40\/2025\/04\/Bedroom-3_10_11zon-495x400.jpg 495w, https:\/\/dpms-media.fr\/clos-du-gue\/wp-content\/uploads\/sites\/40\/2025\/04\/Bedroom-3_10_11zon-845x684.jpg 845w\" sizes=\"(max-width: 495px) 100vw, 495px\" \/><\/a><div class='grid-content'><div class='avia-arrow'><\/div><header class=\"entry-content-header\" aria-label=\"Portfolio: Chambre 1\"><h3 class='grid-entry-title entry-title '  itemprop=\"headline\" >Chambre 1<\/h3><\/header><\/div><footer class=\"entry-footer\"><\/footer><\/article><\/div><div data-ajax-id='2604' class=' grid-entry flex_column isotope-item all_sort no_margin post-entry post-entry-2604 grid-entry-overview grid-loop-3 grid-parity-odd  gite-en_sort  av_one_third  default_av_fullwidth '><article class='main_color inner-entry'  itemscope=\"itemscope\" itemtype=\"https:\/\/schema.org\/CreativeWork\" ><a href=\"https:\/\/dpms-media.fr\/clos-du-gue\/description\/#jardin\" title='Mur ext\u00e9rieur 1'  data-rel='grid-1' class='grid-image avia-hover-fx'> <img decoding=\"async\" fetchpriority=\"high\" width=\"495\" height=\"400\" src=\"https:\/\/dpms-media.fr\/clos-du-gue\/wp-content\/uploads\/sites\/40\/2017\/03\/salon-495x400.jpg\" class=\"wp-image-2741 avia-img-lazy-loading-not-2741 attachment-portfolio size-portfolio wp-post-image\" alt=\"\" \/><\/a><div class='grid-content'><div class='avia-arrow'><\/div><header class=\"entry-content-header\" aria-label=\"Portfolio: Mur ext\u00e9rieur 1\"><h3 class='grid-entry-title entry-title '  itemprop=\"headline\" >Mur ext\u00e9rieur 1<\/h3><\/header><\/div><footer class=\"entry-footer\"><\/footer><\/article><\/div><div data-ajax-id='2603' class=' grid-entry flex_column isotope-item all_sort no_margin post-entry post-entry-2603 grid-entry-overview grid-loop-4 grid-parity-even  gite-en_sort  av_one_third first default_av_fullwidth '><article class='main_color inner-entry'  itemscope=\"itemscope\" itemtype=\"https:\/\/schema.org\/CreativeWork\" ><a href=\"https:\/\/dpms-media.fr\/clos-du-gue\/description\/#salon\" title='Salle \u00e0 manger 1'  data-rel='grid-1' class='grid-image avia-hover-fx'> <img decoding=\"async\" fetchpriority=\"high\" width=\"495\" height=\"400\" src=\"https:\/\/dpms-media.fr\/clos-du-gue\/wp-content\/uploads\/sites\/40\/2025\/04\/Living-Area-1_9_11zon-495x400.jpg\" class=\"wp-image-2928 avia-img-lazy-loading-not-2928 attachment-portfolio size-portfolio wp-post-image\" alt=\"\" srcset=\"https:\/\/dpms-media.fr\/clos-du-gue\/wp-content\/uploads\/sites\/40\/2025\/04\/Living-Area-1_9_11zon-495x400.jpg 495w, https:\/\/dpms-media.fr\/clos-du-gue\/wp-content\/uploads\/sites\/40\/2025\/04\/Living-Area-1_9_11zon-845x684.jpg 845w\" sizes=\"(max-width: 495px) 100vw, 495px\" \/><\/a><div class='grid-content'><div class='avia-arrow'><\/div><header class=\"entry-content-header\" aria-label=\"Portfolio: Salle \u00e0 manger 1\"><h3 class='grid-entry-title entry-title '  itemprop=\"headline\" >Salle \u00e0 manger 1<\/h3><\/header><\/div><footer class=\"entry-footer\"><\/footer><\/article><\/div><div data-ajax-id='2602' class=' grid-entry flex_column isotope-item all_sort no_margin post-entry post-entry-2602 grid-entry-overview grid-loop-5 grid-parity-odd  gite-en_sort  av_one_third  default_av_fullwidth '><article class='main_color inner-entry'  itemscope=\"itemscope\" itemtype=\"https:\/\/schema.org\/CreativeWork\" ><a href=\"https:\/\/dpms-media.fr\/clos-du-gue\/description\/#salon\" title='Salon biblioth\u00e8que 1'  data-rel='grid-1' class='grid-image avia-hover-fx'> <img decoding=\"async\" fetchpriority=\"high\" width=\"495\" height=\"400\" src=\"https:\/\/dpms-media.fr\/clos-du-gue\/wp-content\/uploads\/sites\/40\/2017\/03\/cuisine-495x400.jpg\" class=\"wp-image-2731 avia-img-lazy-loading-not-2731 attachment-portfolio size-portfolio wp-post-image\" alt=\"\" \/><\/a><div class='grid-content'><div class='avia-arrow'><\/div><header class=\"entry-content-header\" aria-label=\"Portfolio: Salon biblioth\u00e8que 1\"><h3 class='grid-entry-title entry-title '  itemprop=\"headline\" >Salon biblioth\u00e8que 1<\/h3><\/header><\/div><footer class=\"entry-footer\"><\/footer><\/article><\/div><div data-ajax-id='2601' class=' grid-entry flex_column isotope-item all_sort no_margin post-entry post-entry-2601 grid-entry-overview grid-loop-6 grid-parity-even  gite-en_sort  av_one_third  default_av_fullwidth '><article class='main_color inner-entry'  itemscope=\"itemscope\" itemtype=\"https:\/\/schema.org\/CreativeWork\" ><a href=\"https:\/\/www.closdugue.com\" title='Le Clos du Gu\u00e9'  data-rel='grid-1' class='grid-image avia-hover-fx'> <img decoding=\"async\" fetchpriority=\"high\" width=\"495\" height=\"400\" src=\"https:\/\/dpms-media.fr\/clos-du-gue\/wp-content\/uploads\/sites\/40\/2021\/09\/Mur-Exterieur-1-600x470-1-495x400.jpg\" class=\"wp-image-2558 avia-img-lazy-loading-not-2558 attachment-portfolio size-portfolio wp-post-image\" alt=\"\" \/><\/a><div class='grid-content'><div class='avia-arrow'><\/div><header class=\"entry-content-header\" aria-label=\"Portfolio: Le Clos du Gu\u00e9\"><h3 class='grid-entry-title entry-title '  itemprop=\"headline\" >Le Clos du Gu\u00e9<\/h3><\/header><\/div><footer class=\"entry-footer\"><\/footer><\/article><\/div><div data-ajax-id='2600' class=' grid-entry flex_column isotope-item all_sort no_margin post-entry post-entry-2600 grid-entry-overview grid-loop-7 grid-parity-odd  gite-en_sort  av_one_third first default_av_fullwidth '><article class='main_color inner-entry'  itemscope=\"itemscope\" itemtype=\"https:\/\/schema.org\/CreativeWork\" ><a href=\"http:\/\/sarrasins.beynacrentals.com\" title='La Maison des Sarrasins'  data-rel='grid-1' class='grid-image avia-hover-fx'> <img decoding=\"async\" fetchpriority=\"high\" width=\"495\" height=\"400\" src=\"https:\/\/dpms-media.fr\/clos-du-gue\/wp-content\/uploads\/sites\/40\/2025\/04\/Kitchen_6_11zon-495x400.jpg\" class=\"wp-image-2922 avia-img-lazy-loading-not-2922 attachment-portfolio size-portfolio wp-post-image\" alt=\"\" srcset=\"https:\/\/dpms-media.fr\/clos-du-gue\/wp-content\/uploads\/sites\/40\/2025\/04\/Kitchen_6_11zon-495x400.jpg 495w, https:\/\/dpms-media.fr\/clos-du-gue\/wp-content\/uploads\/sites\/40\/2025\/04\/Kitchen_6_11zon-845x684.jpg 845w\" sizes=\"(max-width: 495px) 100vw, 495px\" \/><\/a><div class='grid-content'><div class='avia-arrow'><\/div><header class=\"entry-content-header\" aria-label=\"Portfolio: La Maison des Sarrasins\"><h3 class='grid-entry-title entry-title '  itemprop=\"headline\" >La Maison des Sarrasins<\/h3><\/header><\/div><footer class=\"entry-footer\"><\/footer><\/article><\/div><div data-ajax-id='2599' class=' grid-entry flex_column isotope-item all_sort no_margin post-entry post-entry-2599 grid-entry-overview grid-loop-8 grid-parity-even  gite-en_sort  av_one_third  default_av_fullwidth '><article class='main_color inner-entry'  itemscope=\"itemscope\" itemtype=\"https:\/\/schema.org\/CreativeWork\" ><a href=\"http:\/\/maison-milou.beynacrentals.com\" title='Maison Milou'  data-rel='grid-1' class='grid-image avia-hover-fx'> <img decoding=\"async\" fetchpriority=\"high\" width=\"495\" height=\"400\" src=\"https:\/\/dpms-media.fr\/clos-du-gue\/wp-content\/uploads\/sites\/40\/2025\/04\/Bedroom-1_8_11zon-495x400.jpg\" class=\"wp-image-2888 avia-img-lazy-loading-not-2888 attachment-portfolio size-portfolio wp-post-image\" alt=\"\" srcset=\"https:\/\/dpms-media.fr\/clos-du-gue\/wp-content\/uploads\/sites\/40\/2025\/04\/Bedroom-1_8_11zon-495x400.jpg 495w, https:\/\/dpms-media.fr\/clos-du-gue\/wp-content\/uploads\/sites\/40\/2025\/04\/Bedroom-1_8_11zon-845x684.jpg 845w\" sizes=\"(max-width: 495px) 100vw, 495px\" \/><\/a><div class='grid-content'><div class='avia-arrow'><\/div><header class=\"entry-content-header\" aria-label=\"Portfolio: Maison Milou\"><h3 class='grid-entry-title entry-title '  itemprop=\"headline\" >Maison Milou<\/h3><\/header><\/div><footer class=\"entry-footer\"><\/footer><\/article><\/div><div data-ajax-id='2598' class=' grid-entry flex_column isotope-item all_sort no_margin post-entry post-entry-2598 grid-entry-overview grid-loop-9 grid-parity-odd  gite-en_sort  av_one_third  default_av_fullwidth '><article class='main_color inner-entry'  itemscope=\"itemscope\" itemtype=\"https:\/\/schema.org\/CreativeWork\" ><a href=\"http:\/\/maison-ogalop.beynacrentals.com\" title='Maison O&#8217;Galop'  data-rel='grid-1' class='grid-image avia-hover-fx'> <img decoding=\"async\" fetchpriority=\"high\" width=\"495\" height=\"400\" src=\"https:\/\/dpms-media.fr\/clos-du-gue\/wp-content\/uploads\/sites\/40\/2025\/04\/Bedroom-5_12_11zon-495x400.jpg\" class=\"wp-image-2896 avia-img-lazy-loading-not-2896 attachment-portfolio size-portfolio wp-post-image\" alt=\"\" srcset=\"https:\/\/dpms-media.fr\/clos-du-gue\/wp-content\/uploads\/sites\/40\/2025\/04\/Bedroom-5_12_11zon-495x400.jpg 495w, https:\/\/dpms-media.fr\/clos-du-gue\/wp-content\/uploads\/sites\/40\/2025\/04\/Bedroom-5_12_11zon-845x684.jpg 845w\" sizes=\"(max-width: 495px) 100vw, 495px\" \/><\/a><div class='grid-content'><div class='avia-arrow'><\/div><header class=\"entry-content-header\" aria-label=\"Portfolio: Maison O&#8217;Galop\"><h3 class='grid-entry-title entry-title '  itemprop=\"headline\" >Maison O&#8217;Galop<\/h3><\/header><\/div><footer class=\"entry-footer\"><\/footer><\/article><\/div><div data-ajax-id='2597' class=' grid-entry flex_column isotope-item all_sort no_margin post-entry post-entry-2597 grid-entry-overview grid-loop-10 grid-parity-even  post-entry-last  gite-en_sort  av_one_third first default_av_fullwidth '><article class='main_color inner-entry'  itemscope=\"itemscope\" itemtype=\"https:\/\/schema.org\/CreativeWork\" ><a href=\"http:\/\/tour-milou.beynacrentals.com\" title='La Tour Milou'  data-rel='grid-1' class='grid-image avia-hover-fx'> <img decoding=\"async\" fetchpriority=\"high\" width=\"495\" height=\"400\" src=\"https:\/\/dpms-media.fr\/clos-du-gue\/wp-content\/uploads\/sites\/40\/2025\/04\/Bedroom-3_10_11zon-495x400.jpg\" class=\"wp-image-2892 avia-img-lazy-loading-not-2892 attachment-portfolio size-portfolio wp-post-image\" alt=\"\" srcset=\"https:\/\/dpms-media.fr\/clos-du-gue\/wp-content\/uploads\/sites\/40\/2025\/04\/Bedroom-3_10_11zon-495x400.jpg 495w, https:\/\/dpms-media.fr\/clos-du-gue\/wp-content\/uploads\/sites\/40\/2025\/04\/Bedroom-3_10_11zon-845x684.jpg 845w\" sizes=\"(max-width: 495px) 100vw, 495px\" \/><\/a><div class='grid-content'><div class='avia-arrow'><\/div><header class=\"entry-content-header\" aria-label=\"Portfolio: La Tour Milou\"><h3 class='grid-entry-title entry-title '  itemprop=\"headline\" >La Tour Milou<\/h3><\/header><\/div><footer class=\"entry-footer\"><\/footer><\/article><\/div><\/div><\/div>   <!--   class=\"av-portfolio-grid-sorting-container\"  --><div class='pagination-wrap  '><nav class='pagination'><span class='pagination-meta'>Page 1 of 2<\/span><span class='current'>1<\/span><a href='https:\/\/www.closdugue.com\/en\/wp-json\/wp\/v2\/pages\/2807\/?avia-element-paging=2' class='inactive next_page' >2<\/a><\/nav>\n<\/div>\n\n<style type=\"text\/css\" data-created_by=\"avia_inline_auto\" id=\"style-css-av-kwksi98s-90f1406fe571e97b7ca92b5a617e43fc\">\n#top .hr.hr-invisible.av-kwksi98s-90f1406fe571e97b7ca92b5a617e43fc{\nheight:50px;\n}\n<\/style>\n<div  class='hr av-kwksi98s-90f1406fe571e97b7ca92b5a617e43fc hr-invisible  avia-builder-el-6  el_after_av_portfolio  avia-builder-el-no-sibling '><span class='hr-inner '><span class=\"hr-inner-style\"><\/span><\/span><\/div>\n<\/div><\/div><\/div><!-- close content main div --><\/div><\/div><div id='after_section_2'  class='main_color av_default_container_wrap container_wrap sidebar_right'  ><div class='container av-section-cont-open' ><div class='template-page content  av-content-small alpha units'><div class='post-entry post-entry-type-page post-entry-2807'><div class='entry-content-wrapper clearfix'><\/p>\n","protected":false},"excerpt":{"rendered":"","protected":false},"author":18,"featured_media":0,"parent":0,"menu_order":0,"comment_status":"closed","ping_status":"closed","template":"","meta":{"footnotes":""},"class_list":["post-2807","page","type-page","status-publish","hentry"],"yoast_head":"<!-- This site is optimized with the Yoast SEO plugin v27.5 - https:\/\/yoast.com\/product\/yoast-seo-wordpress\/ -->\n<title>Toutes nos locations - Le clos du gu\u00e9 - Maison d&#039;h\u00f4tes dans la Vienne<\/title>\n<meta name=\"robots\" content=\"index, follow, max-snippet:-1, max-image-preview:large, max-video-preview:-1\" \/>\n<link rel=\"canonical\" href=\"https:\/\/www.closdugue.com\/en\/toutes-nos-locations\/\" \/>\n<meta property=\"og:locale\" content=\"en_US\" \/>\n<meta property=\"og:type\" content=\"article\" \/>\n<meta property=\"og:title\" content=\"Toutes nos locations - Le clos du gu\u00e9 - Maison d&#039;h\u00f4tes dans la Vienne\" \/>\n<meta property=\"og:url\" content=\"https:\/\/www.closdugue.com\/en\/toutes-nos-locations\/\" \/>\n<meta property=\"og:site_name\" content=\"Le clos du gu\u00e9 - Maison d&#039;h\u00f4tes dans la Vienne\" \/>\n<meta property=\"article:modified_time\" content=\"2023-09-25T06:29:53+00:00\" \/>\n<meta name=\"twitter:card\" content=\"summary_large_image\" \/>\n<script type=\"application\/ld+json\" class=\"yoast-schema-graph\">{\"@context\":\"https:\\\/\\\/schema.org\",\"@graph\":[{\"@type\":\"WebPage\",\"@id\":\"https:\\\/\\\/www.closdugue.com\\\/en\\\/toutes-nos-locations\\\/\",\"url\":\"https:\\\/\\\/www.closdugue.com\\\/en\\\/toutes-nos-locations\\\/\",\"name\":\"Toutes nos locations - Le clos du gu\u00e9 - Maison d&#039;h\u00f4tes dans la Vienne\",\"isPartOf\":{\"@id\":\"https:\\\/\\\/www.closdugue.com\\\/#website\"},\"datePublished\":\"2021-12-03T17:47:19+00:00\",\"dateModified\":\"2023-09-25T06:29:53+00:00\",\"breadcrumb\":{\"@id\":\"https:\\\/\\\/www.closdugue.com\\\/en\\\/toutes-nos-locations\\\/#breadcrumb\"},\"inLanguage\":\"en-US\",\"potentialAction\":[{\"@type\":\"ReadAction\",\"target\":[\"https:\\\/\\\/www.closdugue.com\\\/en\\\/toutes-nos-locations\\\/\"]}]},{\"@type\":\"BreadcrumbList\",\"@id\":\"https:\\\/\\\/www.closdugue.com\\\/en\\\/toutes-nos-locations\\\/#breadcrumb\",\"itemListElement\":[{\"@type\":\"ListItem\",\"position\":1,\"name\":\"Accueil\",\"item\":\"https:\\\/\\\/www.closdugue.com\\\/\"},{\"@type\":\"ListItem\",\"position\":2,\"name\":\"Toutes nos locations\"}]},{\"@type\":\"WebSite\",\"@id\":\"https:\\\/\\\/www.closdugue.com\\\/#website\",\"url\":\"https:\\\/\\\/www.closdugue.com\\\/\",\"name\":\"Le clos du gu\u00e9 - Maison d&#039;h\u00f4tes dans la Vienne\",\"description\":\"Le clos du gu\u00e9 - Maison d&#039;h\u00f4tes Beynac Rentals\",\"potentialAction\":[{\"@type\":\"SearchAction\",\"target\":{\"@type\":\"EntryPoint\",\"urlTemplate\":\"https:\\\/\\\/www.closdugue.com\\\/?s={search_term_string}\"},\"query-input\":{\"@type\":\"PropertyValueSpecification\",\"valueRequired\":true,\"valueName\":\"search_term_string\"}}],\"inLanguage\":\"en-US\"}]}<\/script>\n<!-- \/ Yoast SEO plugin. -->","yoast_head_json":{"title":"Toutes nos locations - Le clos du gu\u00e9 - Maison d&#039;h\u00f4tes dans la Vienne","robots":{"index":"index","follow":"follow","max-snippet":"max-snippet:-1","max-image-preview":"max-image-preview:large","max-video-preview":"max-video-preview:-1"},"canonical":"https:\/\/www.closdugue.com\/en\/toutes-nos-locations\/","og_locale":"en_US","og_type":"article","og_title":"Toutes nos locations - Le clos du gu\u00e9 - Maison d&#039;h\u00f4tes dans la Vienne","og_url":"https:\/\/www.closdugue.com\/en\/toutes-nos-locations\/","og_site_name":"Le clos du gu\u00e9 - Maison d&#039;h\u00f4tes dans la Vienne","article_modified_time":"2023-09-25T06:29:53+00:00","twitter_card":"summary_large_image","schema":{"@context":"https:\/\/schema.org","@graph":[{"@type":"WebPage","@id":"https:\/\/www.closdugue.com\/en\/toutes-nos-locations\/","url":"https:\/\/www.closdugue.com\/en\/toutes-nos-locations\/","name":"Toutes nos locations - Le clos du gu\u00e9 - Maison d&#039;h\u00f4tes dans la Vienne","isPartOf":{"@id":"https:\/\/www.closdugue.com\/#website"},"datePublished":"2021-12-03T17:47:19+00:00","dateModified":"2023-09-25T06:29:53+00:00","breadcrumb":{"@id":"https:\/\/www.closdugue.com\/en\/toutes-nos-locations\/#breadcrumb"},"inLanguage":"en-US","potentialAction":[{"@type":"ReadAction","target":["https:\/\/www.closdugue.com\/en\/toutes-nos-locations\/"]}]},{"@type":"BreadcrumbList","@id":"https:\/\/www.closdugue.com\/en\/toutes-nos-locations\/#breadcrumb","itemListElement":[{"@type":"ListItem","position":1,"name":"Accueil","item":"https:\/\/www.closdugue.com\/"},{"@type":"ListItem","position":2,"name":"Toutes nos locations"}]},{"@type":"WebSite","@id":"https:\/\/www.closdugue.com\/#website","url":"https:\/\/www.closdugue.com\/","name":"Le clos du gu\u00e9 - Maison d&#039;h\u00f4tes dans la Vienne","description":"Le clos du gu\u00e9 - Maison d&#039;h\u00f4tes Beynac Rentals","potentialAction":[{"@type":"SearchAction","target":{"@type":"EntryPoint","urlTemplate":"https:\/\/www.closdugue.com\/?s={search_term_string}"},"query-input":{"@type":"PropertyValueSpecification","valueRequired":true,"valueName":"search_term_string"}}],"inLanguage":"en-US"}]}},"_links":{"self":[{"href":"https:\/\/www.closdugue.com\/en\/wp-json\/wp\/v2\/pages\/2807","targetHints":{"allow":["GET"]}}],"collection":[{"href":"https:\/\/www.closdugue.com\/en\/wp-json\/wp\/v2\/pages"}],"about":[{"href":"https:\/\/www.closdugue.com\/en\/wp-json\/wp\/v2\/types\/page"}],"author":[{"embeddable":true,"href":"https:\/\/www.closdugue.com\/en\/wp-json\/wp\/v2\/users\/18"}],"replies":[{"embeddable":true,"href":"https:\/\/www.closdugue.com\/en\/wp-json\/wp\/v2\/comments?post=2807"}],"version-history":[{"count":2,"href":"https:\/\/www.closdugue.com\/en\/wp-json\/wp\/v2\/pages\/2807\/revisions"}],"predecessor-version":[{"id":2809,"href":"https:\/\/www.closdugue.com\/en\/wp-json\/wp\/v2\/pages\/2807\/revisions\/2809"}],"wp:attachment":[{"href":"https:\/\/www.closdugue.com\/en\/wp-json\/wp\/v2\/media?parent=2807"}],"curies":[{"name":"wp","href":"https:\/\/api.w.org\/{rel}","templated":true}]}}